{"id":5646,"date":"2026-04-16T13:18:46","date_gmt":"2026-04-16T12:18:46","guid":{"rendered":"https:\/\/tenerife-flowers-online.com\/producto\/bukiet-w-cieplych-zoltych-tonach-z-rozami-slonecznikami-i-liliami\/"},"modified":"2026-04-16T13:18:46","modified_gmt":"2026-04-16T12:18:46","slug":"bukiet-w-cieplych-zoltych-tonach-z-rozami-slonecznikami-i-liliami","status":"publish","type":"product","link":"https:\/\/tenerife-flowers-online.com\/pl\/producto\/bukiet-w-cieplych-zoltych-tonach-z-rozami-slonecznikami-i-liliami\/","title":{"rendered":"Bukiet w ciep\u0142ych \u017c\u00f3\u0142tych tonach z r\u00f3\u017cami, s\u0142onecznikami i liliami"},"content":{"rendered":"<div class=\"woocommerce-product-details__short-description\">\n<p>Rozwesel dzie\u0144 bliskiej osoby tym promieniuj\u0105cym bukietem w ciep\u0142ych \u017c\u00f3\u0142tych tonach. Kompozycja sk\u0142ada si\u0119 z \u017c\u00f3\u0142tych r\u00f3\u017c, s\u0142onecznik\u00f3w i lilii, kt\u00f3re symbolizuj\u0105 rado\u015b\u0107, przyja\u017a\u0144 i pozytywn\u0105 energi\u0119. <\/p>\n<\/div>\n<div class=\"box-delivery\">\n<p>Delikatna gips\u00f3wka dodaje lekko\u015bci, a zielona ziele\u0144 podkre\u015bla intensywne kolory kwiat\u00f3w. Wszystko opakowane w elegancki papier z subteln\u0105 wst\u0105\u017ck\u0105 tworzy idealny bukiet na ka\u017cd\u0105 okazj\u0119, kiedy chcesz wnie\u015b\u0107 odrobin\u0119 s\u0142o\u0144ca i u\u015bmiech w \u017cycie kogo\u015b bliskiego. <\/p>\n<div>\n<h3 class=\"title-3\">Zwroty i reklamacje<\/h3>\n<p>Ze wzgl\u0119du na spersonalizowany charakter zam\u00f3wienia produkty wykonywane na specjalne zam\u00f3wienie nie podlegaj\u0105 zwrotom ani reklamacji.<\/p>\n<\/div>\n<\/div>\n","protected":false},"excerpt":{"rendered":"<p>Rozwesel dzie\u0144 bliskiej osoby tym promieniuj\u0105cym bukietem w ciep\u0142ych \u017c\u00f3\u0142tych tonach. Kompozycja sk\u0142ada si\u0119 z \u017c\u00f3\u0142tych r\u00f3\u017c, s\u0142onecznik\u00f3w i lilii, kt\u00f3re symbolizuj\u0105 rado\u015b\u0107, przyja\u017a\u0144 i pozytywn\u0105 energi\u0119. Delikatna gips\u00f3wka dodaje lekko\u015bci, a zielona ziele\u0144 podkre\u015bla intensywne kolory kwiat\u00f3w. Wszystko opakowane w elegancki papier z subteln\u0105 wst\u0105\u017ck\u0105 tworzy idealny bukiet na ka\u017cd\u0105 okazj\u0119, kiedy chcesz wnie\u015b\u0107 [&hellip;]<\/p>\n","protected":false},"featured_media":5647,"template":"","meta":{"_acf_changed":false},"product_brand":[],"product_cat":[88,90],"product_tag":[],"class_list":{"0":"post-5646","1":"product","2":"type-product","3":"status-publish","4":"has-post-thumbnail","6":"product_cat-okazje","7":"product_cat-urodziny","9":"first","10":"instock","11":"shipping-taxable","12":"purchasable","13":"product-type-variable","14":"has-default-attributes"},"acf":[],"_links":{"self":[{"href":"https:\/\/tenerife-flowers-online.com\/pl\/wp-json\/wp\/v2\/product\/5646","targetHints":{"allow":["GET"]}}],"collection":[{"href":"https:\/\/tenerife-flowers-online.com\/pl\/wp-json\/wp\/v2\/product"}],"about":[{"href":"https:\/\/tenerife-flowers-online.com\/pl\/wp-json\/wp\/v2\/types\/product"}],"wp:featuredmedia":[{"embeddable":true,"href":"https:\/\/tenerife-flowers-online.com\/pl\/wp-json\/wp\/v2\/media\/5647"}],"wp:attachment":[{"href":"https:\/\/tenerife-flowers-online.com\/pl\/wp-json\/wp\/v2\/media?parent=5646"}],"wp:term":[{"taxonomy":"product_brand","embeddable":true,"href":"https:\/\/tenerife-flowers-online.com\/pl\/wp-json\/wp\/v2\/product_brand?post=5646"},{"taxonomy":"product_cat","embeddable":true,"href":"https:\/\/tenerife-flowers-online.com\/pl\/wp-json\/wp\/v2\/product_cat?post=5646"},{"taxonomy":"product_tag","embeddable":true,"href":"https:\/\/tenerife-flowers-online.com\/pl\/wp-json\/wp\/v2\/product_tag?post=5646"}],"curies":[{"name":"wp","href":"https:\/\/api.w.org\/{rel}","templated":true}]}}