{"id":5638,"date":"2026-04-16T13:16:25","date_gmt":"2026-04-16T12:16:25","guid":{"rendered":"https:\/\/tenerife-flowers-online.com\/producto\/klasyczny-i-elegancki-bukiet-bialych-roz\/"},"modified":"2026-04-16T13:16:25","modified_gmt":"2026-04-16T12:16:25","slug":"klasyczny-i-elegancki-bukiet-bialych-roz","status":"publish","type":"product","link":"https:\/\/tenerife-flowers-online.com\/pl\/producto\/klasyczny-i-elegancki-bukiet-bialych-roz\/","title":{"rendered":"Klasyczny i elegancki bukiet bia\u0142ych r\u00f3\u017c"},"content":{"rendered":"<p>Subtelny, pe\u0142en wdzi\u0119ku bukiet bia\u0142ych r\u00f3\u017c, otulony delikatn\u0105 gips\u00f3wk\u0105, symbolizuje czysto\u015b\u0107, niewinno\u015b\u0107 i elegancj\u0119. Idealny na \u015blub, chrzest lub jako wyj\u0105tkowy gest wyra\u017caj\u0105cy szacunek i podziw. <\/p>\n<p>Ka\u017cda r\u00f3\u017ca w tej kompozycji emanuje spokojem i harmoni\u0105, a lekkie, bia\u0142e opakowanie dodaje delikatno\u015bci. Ca\u0142o\u015b\u0107, subtelnie przewi\u0105zana jasn\u0105 wst\u0105\u017ck\u0105, tworzy idealny bukiet na wyj\u0105tkowe okazje, gdy chcesz podkre\u015bli\u0107 pi\u0119kno prostoty i klas\u0119. <\/p>\n<div>\n<h3 class=\"title-3\">Zwroty i reklamacje<\/h3>\n<p>Ze wzgl\u0119du na spersonalizowany charakter zam\u00f3wienia produkty wykonywane na specjalne zam\u00f3wienie nie podlegaj\u0105 zwrotom ani reklamacji.<\/p>\n<\/div>\n","protected":false},"excerpt":{"rendered":"<p>Subtelny, pe\u0142en wdzi\u0119ku bukiet bia\u0142ych r\u00f3\u017c, otulony delikatn\u0105 gips\u00f3wk\u0105, symbolizuje czysto\u015b\u0107, niewinno\u015b\u0107 i elegancj\u0119. Idealny na \u015blub, chrzest lub jako wyj\u0105tkowy gest wyra\u017caj\u0105cy szacunek i podziw. Ka\u017cda r\u00f3\u017ca w tej kompozycji emanuje spokojem i harmoni\u0105, a lekkie, bia\u0142e opakowanie dodaje delikatno\u015bci. Ca\u0142o\u015b\u0107, subtelnie przewi\u0105zana jasn\u0105 wst\u0105\u017ck\u0105, tworzy idealny bukiet na wyj\u0105tkowe okazje, gdy chcesz podkre\u015bli\u0107 [&hellip;]<\/p>\n","protected":false},"featured_media":5527,"template":"","meta":{"_acf_changed":false},"product_brand":[],"product_cat":[110,88,120],"product_tag":[],"class_list":{"0":"post-5638","1":"product","2":"type-product","3":"status-publish","4":"has-post-thumbnail","6":"product_cat-rocznica","7":"product_cat-okazje","8":"product_cat-slub","10":"first","11":"instock","12":"shipping-taxable","13":"purchasable","14":"product-type-variable","15":"has-default-attributes"},"acf":[],"_links":{"self":[{"href":"https:\/\/tenerife-flowers-online.com\/pl\/wp-json\/wp\/v2\/product\/5638","targetHints":{"allow":["GET"]}}],"collection":[{"href":"https:\/\/tenerife-flowers-online.com\/pl\/wp-json\/wp\/v2\/product"}],"about":[{"href":"https:\/\/tenerife-flowers-online.com\/pl\/wp-json\/wp\/v2\/types\/product"}],"wp:featuredmedia":[{"embeddable":true,"href":"https:\/\/tenerife-flowers-online.com\/pl\/wp-json\/wp\/v2\/media\/5527"}],"wp:attachment":[{"href":"https:\/\/tenerife-flowers-online.com\/pl\/wp-json\/wp\/v2\/media?parent=5638"}],"wp:term":[{"taxonomy":"product_brand","embeddable":true,"href":"https:\/\/tenerife-flowers-online.com\/pl\/wp-json\/wp\/v2\/product_brand?post=5638"},{"taxonomy":"product_cat","embeddable":true,"href":"https:\/\/tenerife-flowers-online.com\/pl\/wp-json\/wp\/v2\/product_cat?post=5638"},{"taxonomy":"product_tag","embeddable":true,"href":"https:\/\/tenerife-flowers-online.com\/pl\/wp-json\/wp\/v2\/product_tag?post=5638"}],"curies":[{"name":"wp","href":"https:\/\/api.w.org\/{rel}","templated":true}]}}