{"id":5614,"date":"2026-04-16T12:44:14","date_gmt":"2026-04-16T11:44:14","guid":{"rendered":"https:\/\/tenerife-flowers-online.com\/producto\/rozowy-bukiet-z-rozami-liliami-gozdzikami-i-chryzantemami\/"},"modified":"2026-04-16T12:44:14","modified_gmt":"2026-04-16T11:44:14","slug":"rozowy-bukiet-z-rozami-liliami-gozdzikami-i-chryzantemami","status":"publish","type":"product","link":"https:\/\/tenerife-flowers-online.com\/pl\/producto\/rozowy-bukiet-z-rozami-liliami-gozdzikami-i-chryzantemami\/","title":{"rendered":"R\u00f3\u017cowy bukiet z r\u00f3\u017cami, liliami, go\u017adzikami i chryzantemami"},"content":{"rendered":"<p>Ten bukiet jest niezwykle elegancki i efektowny! Sk\u0142ada si\u0119 z intensywnie r\u00f3\u017cowych r\u00f3\u017c, kt\u00f3re stanowi\u0105 g\u0142\u00f3wny element kompozycji, otoczonych chryzantemami w pastelowych odcieniach jasnego r\u00f3\u017cu. <\/p>\n<p>W centrum bukietu wida\u0107 srebrne li\u015bcie dekoracyjne, kt\u00f3re dodaj\u0105 mu blasku, wraz z drobnymi detalami, takimi jak bia\u0142e pere\u0142ki mi\u0119dzy kwiatami. Bukiet jest owini\u0119ty w p\u00f3\u0142przezroczysty r\u00f3\u017cowy papier o holograficznym po\u0142ysku, co nadaje mu nowoczesny i wyj\u0105tkowy wygl\u0105d. Ca\u0142o\u015b\u0107 dope\u0142nia delikatna kokarda z r\u00f3\u017cowej wst\u0105\u017cki, podkre\u015blaj\u0105ca romantyczny charakter zestawu. Ziele\u0144 li\u015bci paproci kontrastuje z intensywnymi barwami kwiat\u00f3w, dodaj\u0105c naturalnego akcentu. To idealna propozycja na specjaln\u0105 okazj\u0119, pe\u0142na elegancji i blasku!    <\/p>\n<div>\n<h3 class=\"title-3\">Zwroty i reklamacje<\/h3>\n<p>Ze wzgl\u0119du na spersonalizowany charakter zam\u00f3wienia produkty wykonywane na specjalne zam\u00f3wienie nie podlegaj\u0105 zwrotom ani reklamacji.<\/p>\n<\/div>\n","protected":false},"excerpt":{"rendered":"<p>Ten bukiet jest niezwykle elegancki i efektowny! Sk\u0142ada si\u0119 z intensywnie r\u00f3\u017cowych r\u00f3\u017c, kt\u00f3re stanowi\u0105 g\u0142\u00f3wny element kompozycji, otoczonych chryzantemami w pastelowych odcieniach jasnego r\u00f3\u017cu. W centrum bukietu wida\u0107 srebrne li\u015bcie dekoracyjne, kt\u00f3re dodaj\u0105 mu blasku, wraz z drobnymi detalami, takimi jak bia\u0142e pere\u0142ki mi\u0119dzy kwiatami. Bukiet jest owini\u0119ty w p\u00f3\u0142przezroczysty r\u00f3\u017cowy papier o holograficznym [&hellip;]<\/p>\n","protected":false},"featured_media":5446,"template":"","meta":{"_acf_changed":false},"product_brand":[],"product_cat":[88,90,89],"product_tag":[],"class_list":{"0":"post-5614","1":"product","2":"type-product","3":"status-publish","4":"has-post-thumbnail","6":"product_cat-okazje","7":"product_cat-urodziny","8":"product_cat-wyjatkowe-uroczystosci","10":"first","11":"instock","12":"shipping-taxable","13":"purchasable","14":"product-type-variable","15":"has-default-attributes"},"acf":[],"_links":{"self":[{"href":"https:\/\/tenerife-flowers-online.com\/pl\/wp-json\/wp\/v2\/product\/5614","targetHints":{"allow":["GET"]}}],"collection":[{"href":"https:\/\/tenerife-flowers-online.com\/pl\/wp-json\/wp\/v2\/product"}],"about":[{"href":"https:\/\/tenerife-flowers-online.com\/pl\/wp-json\/wp\/v2\/types\/product"}],"wp:featuredmedia":[{"embeddable":true,"href":"https:\/\/tenerife-flowers-online.com\/pl\/wp-json\/wp\/v2\/media\/5446"}],"wp:attachment":[{"href":"https:\/\/tenerife-flowers-online.com\/pl\/wp-json\/wp\/v2\/media?parent=5614"}],"wp:term":[{"taxonomy":"product_brand","embeddable":true,"href":"https:\/\/tenerife-flowers-online.com\/pl\/wp-json\/wp\/v2\/product_brand?post=5614"},{"taxonomy":"product_cat","embeddable":true,"href":"https:\/\/tenerife-flowers-online.com\/pl\/wp-json\/wp\/v2\/product_cat?post=5614"},{"taxonomy":"product_tag","embeddable":true,"href":"https:\/\/tenerife-flowers-online.com\/pl\/wp-json\/wp\/v2\/product_tag?post=5614"}],"curies":[{"name":"wp","href":"https:\/\/api.w.org\/{rel}","templated":true}]}}