{"id":5590,"date":"2026-04-16T13:08:44","date_gmt":"2026-04-16T12:08:44","guid":{"rendered":"https:\/\/tenerife-flowers-online.com\/producto\/personalizowany-bukiet-z-czerwonych-roz-i-ferrero\/"},"modified":"2026-04-16T13:08:44","modified_gmt":"2026-04-16T12:08:44","slug":"personalizowany-bukiet-z-czerwonych-roz-i-ferrero","status":"publish","type":"product","link":"https:\/\/tenerife-flowers-online.com\/pl\/producto\/personalizowany-bukiet-z-czerwonych-roz-i-ferrero\/","title":{"rendered":"Personalizowany bukiet z czerwonych r\u00f3\u017c i Ferrero"},"content":{"rendered":"<p>Czerwone r\u00f3\u017ce: Ten oryginalny bukiet w kszta\u0142cie sto\u017cka ze z\u0142ot\u0105 dedykacj\u0105 to wyj\u0105tkowy prezent, a s\u0142odkie serca Ferrero tylko wzmacniaj\u0105 ten magiczny efekt. Czerwone r\u00f3\u017ce od wiek\u00f3w uznawane s\u0105 za kwiaty pasji, po\u017c\u0105dania i mi\u0142o\u015bci. Czekoladki zawsze stanowi\u0142y ich cudowne dope\u0142nienie.  <\/p>\n<p>To idealny prezent na walentynki, rocznic\u0119 lub urodziny bliskiej osoby. Elegancja i luksus: Nasze bukiety czerwonych r\u00f3\u017c to kwintesencja elegancji. G\u0142\u0119boki, intensywny kolor kwiat\u00f3w podkre\u015bla ich wyj\u0105tkowo\u015b\u0107, czyni\u0105c ka\u017cd\u0105 chwil\u0119 jeszcze bardziej szczeg\u00f3ln\u0105.  <\/p>\n<div>\n<h3 class=\"title-3\">Zwroty i reklamacje<\/h3>\n<p>Ze wzgl\u0119du na spersonalizowany charakter zam\u00f3wienia produkty wykonywane na specjalne zam\u00f3wienie nie podlegaj\u0105 zwrotom ani reklamacji.<\/p>\n<\/div>\n","protected":false},"excerpt":{"rendered":"<p>Czerwone r\u00f3\u017ce: Ten oryginalny bukiet w kszta\u0142cie sto\u017cka ze z\u0142ot\u0105 dedykacj\u0105 to wyj\u0105tkowy prezent, a s\u0142odkie serca Ferrero tylko wzmacniaj\u0105 ten magiczny efekt. Czerwone r\u00f3\u017ce od wiek\u00f3w uznawane s\u0105 za kwiaty pasji, po\u017c\u0105dania i mi\u0142o\u015bci. Czekoladki zawsze stanowi\u0142y ich cudowne dope\u0142nienie. To idealny prezent na walentynki, rocznic\u0119 lub urodziny bliskiej osoby. Elegancja i luksus: Nasze [&hellip;]<\/p>\n","protected":false},"featured_media":5490,"template":"","meta":{"_acf_changed":false},"product_brand":[],"product_cat":[110,90,91],"product_tag":[],"class_list":{"0":"post-5590","1":"product","2":"type-product","3":"status-publish","4":"has-post-thumbnail","6":"product_cat-rocznica","7":"product_cat-urodziny","8":"product_cat-walentynki","10":"first","11":"instock","12":"shipping-taxable","13":"purchasable","14":"product-type-variable","15":"has-default-attributes"},"acf":[],"_links":{"self":[{"href":"https:\/\/tenerife-flowers-online.com\/pl\/wp-json\/wp\/v2\/product\/5590","targetHints":{"allow":["GET"]}}],"collection":[{"href":"https:\/\/tenerife-flowers-online.com\/pl\/wp-json\/wp\/v2\/product"}],"about":[{"href":"https:\/\/tenerife-flowers-online.com\/pl\/wp-json\/wp\/v2\/types\/product"}],"wp:featuredmedia":[{"embeddable":true,"href":"https:\/\/tenerife-flowers-online.com\/pl\/wp-json\/wp\/v2\/media\/5490"}],"wp:attachment":[{"href":"https:\/\/tenerife-flowers-online.com\/pl\/wp-json\/wp\/v2\/media?parent=5590"}],"wp:term":[{"taxonomy":"product_brand","embeddable":true,"href":"https:\/\/tenerife-flowers-online.com\/pl\/wp-json\/wp\/v2\/product_brand?post=5590"},{"taxonomy":"product_cat","embeddable":true,"href":"https:\/\/tenerife-flowers-online.com\/pl\/wp-json\/wp\/v2\/product_cat?post=5590"},{"taxonomy":"product_tag","embeddable":true,"href":"https:\/\/tenerife-flowers-online.com\/pl\/wp-json\/wp\/v2\/product_tag?post=5590"}],"curies":[{"name":"wp","href":"https:\/\/api.w.org\/{rel}","templated":true}]}}