{"id":5582,"date":"2026-04-16T13:03:17","date_gmt":"2026-04-16T12:03:17","guid":{"rendered":"https:\/\/tenerife-flowers-online.com\/producto\/bukiet-z-bialych-roz-gozdzikow-i-chryzantem\/"},"modified":"2026-04-16T13:03:17","modified_gmt":"2026-04-16T12:03:17","slug":"bukiet-z-bialych-roz-gozdzikow-i-chryzantem","status":"publish","type":"product","link":"https:\/\/tenerife-flowers-online.com\/pl\/producto\/bukiet-z-bialych-roz-gozdzikow-i-chryzantem\/","title":{"rendered":"Bukiet z bia\u0142ych r\u00f3\u017c, go\u017adzik\u00f3w i chryzantem"},"content":{"rendered":"<p>Prezentowany bukiet sk\u0142ada si\u0119 z bia\u0142ych kwiat\u00f3w r\u00f3\u017c, chryzantem, go\u017adzik\u00f3w i bia\u0142ej gips\u00f3wki, tworz\u0105c pi\u0119kn\u0105 kompozycj\u0119 \u015bwie\u017co\u015bci, czysto\u015bci i luksusu. Owini\u0119ty w dekoracyjny bia\u0142y tiul ozdobiony per\u0142ami i ma\u0142ymi per\u0142owymi kamieniami wplecionymi bezpo\u015brednio w kwiaty, ca\u0142o\u015b\u0107 przewi\u0105zana efektown\u0105 wst\u0105\u017ck\u0105. <\/p>\n<p>Idealny na urodziny, rocznice i podzi\u0119kowania! Ca\u0142a kompozycja przypomina cenny klejnot. Czysta magia\u2026  <\/p>\n<div>\n<h3 class=\"title-3\">Zwroty i reklamacje<\/h3>\n<p>Ze wzgl\u0119du na spersonalizowany charakter zam\u00f3wienia produkty wykonywane na specjalne zam\u00f3wienie nie podlegaj\u0105 zwrotom ani reklamacji.<\/p>\n<\/div>\n","protected":false},"excerpt":{"rendered":"<p>Prezentowany bukiet sk\u0142ada si\u0119 z bia\u0142ych kwiat\u00f3w r\u00f3\u017c, chryzantem, go\u017adzik\u00f3w i bia\u0142ej gips\u00f3wki, tworz\u0105c pi\u0119kn\u0105 kompozycj\u0119 \u015bwie\u017co\u015bci, czysto\u015bci i luksusu. Owini\u0119ty w dekoracyjny bia\u0142y tiul ozdobiony per\u0142ami i ma\u0142ymi per\u0142owymi kamieniami wplecionymi bezpo\u015brednio w kwiaty, ca\u0142o\u015b\u0107 przewi\u0105zana efektown\u0105 wst\u0105\u017ck\u0105. Idealny na urodziny, rocznice i podzi\u0119kowania! Ca\u0142a kompozycja przypomina cenny klejnot. Czysta magia\u2026 Zwroty i reklamacje [&hellip;]<\/p>\n","protected":false},"featured_media":5469,"template":"","meta":{"_acf_changed":false},"product_brand":[],"product_cat":[115,90],"product_tag":[],"class_list":{"0":"post-5582","1":"product","2":"type-product","3":"status-publish","4":"has-post-thumbnail","6":"product_cat-podziekowania","7":"product_cat-urodziny","9":"first","10":"instock","11":"shipping-taxable","12":"purchasable","13":"product-type-variable","14":"has-default-attributes"},"acf":[],"_links":{"self":[{"href":"https:\/\/tenerife-flowers-online.com\/pl\/wp-json\/wp\/v2\/product\/5582","targetHints":{"allow":["GET"]}}],"collection":[{"href":"https:\/\/tenerife-flowers-online.com\/pl\/wp-json\/wp\/v2\/product"}],"about":[{"href":"https:\/\/tenerife-flowers-online.com\/pl\/wp-json\/wp\/v2\/types\/product"}],"wp:featuredmedia":[{"embeddable":true,"href":"https:\/\/tenerife-flowers-online.com\/pl\/wp-json\/wp\/v2\/media\/5469"}],"wp:attachment":[{"href":"https:\/\/tenerife-flowers-online.com\/pl\/wp-json\/wp\/v2\/media?parent=5582"}],"wp:term":[{"taxonomy":"product_brand","embeddable":true,"href":"https:\/\/tenerife-flowers-online.com\/pl\/wp-json\/wp\/v2\/product_brand?post=5582"},{"taxonomy":"product_cat","embeddable":true,"href":"https:\/\/tenerife-flowers-online.com\/pl\/wp-json\/wp\/v2\/product_cat?post=5582"},{"taxonomy":"product_tag","embeddable":true,"href":"https:\/\/tenerife-flowers-online.com\/pl\/wp-json\/wp\/v2\/product_tag?post=5582"}],"curies":[{"name":"wp","href":"https:\/\/api.w.org\/{rel}","templated":true}]}}