{"id":5570,"date":"2026-04-16T13:11:41","date_gmt":"2026-04-16T12:11:41","guid":{"rendered":"https:\/\/tenerife-flowers-online.com\/producto\/kolorowy-bukiet-z-rozami-liliami-gozdzikami-i-gerberami\/"},"modified":"2026-04-16T13:11:41","modified_gmt":"2026-04-16T12:11:41","slug":"kolorowy-bukiet-z-rozami-liliami-gozdzikami-i-gerberami","status":"publish","type":"product","link":"https:\/\/tenerife-flowers-online.com\/pl\/producto\/kolorowy-bukiet-z-rozami-liliami-gozdzikami-i-gerberami\/","title":{"rendered":"Kolorowy bukiet z r\u00f3\u017cami, liliami, go\u017adzikami i gerberami"},"content":{"rendered":"<p>Ten bukiet to prawdziwa eksplozja kolor\u00f3w i rado\u015bci! Idealny na ka\u017cd\u0105 okazj\u0119, jest pe\u0142en \u017cywych r\u00f3\u017c, pomara\u0144czowych gerber i lilii, kt\u00f3re dodaj\u0105 elegancji i charakteru.<\/p>\n<p>R\u00f3\u017cnorodno\u015b\u0107 kwiat\u00f3w i odcieni, od ciep\u0142ej czerwieni, przez delikatne r\u00f3\u017ce, po energetyczne pomara\u0144cze, tworzy kompozycj\u0119, kt\u00f3ra wype\u0142ni ka\u017cde wn\u0119trze \u017cyciem. Zielone akcenty doskonale podkre\u015blaj\u0105 urok kwiat\u00f3w, a szklany wazon dodaje jeszcze wi\u0119cej elegancji. To idealny wyb\u00f3r na urodziny, imieniny lub po prostu, aby wywo\u0142a\u0107 u\u015bmiech na twarzy wyj\u0105tkowej osoby.<\/p>\n<div>\n<h3 class=\"title-3\">Zwroty i reklamacje<\/h3>\n<p>Ze wzgl\u0119du na spersonalizowany charakter zam\u00f3wienia produkty wykonywane na specjalne zam\u00f3wienie nie podlegaj\u0105 zwrotom ani reklamacji.<\/p>\n<\/div>\n","protected":false},"excerpt":{"rendered":"<p>Ten bukiet to prawdziwa eksplozja kolor\u00f3w i rado\u015bci! Idealny na ka\u017cd\u0105 okazj\u0119, jest pe\u0142en \u017cywych r\u00f3\u017c, pomara\u0144czowych gerber i lilii, kt\u00f3re dodaj\u0105 elegancji i charakteru. R\u00f3\u017cnorodno\u015b\u0107 kwiat\u00f3w i odcieni, od ciep\u0142ej czerwieni, przez delikatne r\u00f3\u017ce, po energetyczne pomara\u0144cze, tworzy kompozycj\u0119, kt\u00f3ra wype\u0142ni ka\u017cde wn\u0119trze \u017cyciem. Zielone akcenty doskonale podkre\u015blaj\u0105 urok kwiat\u00f3w, a szklany wazon dodaje [&hellip;]<\/p>\n","protected":false},"featured_media":5503,"template":"","meta":{"_acf_changed":false},"product_brand":[],"product_cat":[88],"product_tag":[],"class_list":{"0":"post-5570","1":"product","2":"type-product","3":"status-publish","4":"has-post-thumbnail","6":"product_cat-okazje","8":"first","9":"instock","10":"shipping-taxable","11":"purchasable","12":"product-type-variable","13":"has-default-attributes"},"acf":[],"_links":{"self":[{"href":"https:\/\/tenerife-flowers-online.com\/pl\/wp-json\/wp\/v2\/product\/5570","targetHints":{"allow":["GET"]}}],"collection":[{"href":"https:\/\/tenerife-flowers-online.com\/pl\/wp-json\/wp\/v2\/product"}],"about":[{"href":"https:\/\/tenerife-flowers-online.com\/pl\/wp-json\/wp\/v2\/types\/product"}],"wp:featuredmedia":[{"embeddable":true,"href":"https:\/\/tenerife-flowers-online.com\/pl\/wp-json\/wp\/v2\/media\/5503"}],"wp:attachment":[{"href":"https:\/\/tenerife-flowers-online.com\/pl\/wp-json\/wp\/v2\/media?parent=5570"}],"wp:term":[{"taxonomy":"product_brand","embeddable":true,"href":"https:\/\/tenerife-flowers-online.com\/pl\/wp-json\/wp\/v2\/product_brand?post=5570"},{"taxonomy":"product_cat","embeddable":true,"href":"https:\/\/tenerife-flowers-online.com\/pl\/wp-json\/wp\/v2\/product_cat?post=5570"},{"taxonomy":"product_tag","embeddable":true,"href":"https:\/\/tenerife-flowers-online.com\/pl\/wp-json\/wp\/v2\/product_tag?post=5570"}],"curies":[{"name":"wp","href":"https:\/\/api.w.org\/{rel}","templated":true}]}}