{"id":5554,"date":"2026-04-16T13:13:17","date_gmt":"2026-04-16T12:13:17","guid":{"rendered":"https:\/\/tenerife-flowers-online.com\/producto\/bukiet-klasycznych-czerwonych-roz-kocham-cie\/"},"modified":"2026-04-16T13:13:17","modified_gmt":"2026-04-16T12:13:17","slug":"bukiet-klasycznych-czerwonych-roz-kocham-cie","status":"publish","type":"product","link":"https:\/\/tenerife-flowers-online.com\/pl\/producto\/bukiet-klasycznych-czerwonych-roz-kocham-cie\/","title":{"rendered":"Bukiet klasycznych czerwonych r\u00f3\u017c \u2013 Kocham Ci\u0119"},"content":{"rendered":"<p>Ten bukiet czerwonych r\u00f3\u017c to kwintesencja elegancji i intensywnych uczu\u0107. To idealny prezent dla ukochanej osoby na walentynki, rocznic\u0119 lub ka\u017cd\u0105 wyj\u0105tkow\u0105 okazj\u0119.<\/p>\n<p>G\u0142\u0119boka czerwie\u0144 r\u00f3\u017c symbolizuje mi\u0142o\u015b\u0107 i pasj\u0119, a efektowne czarno-czerwone opakowanie nadaje kompozycji luksusowy charakter. Delikatne zielone li\u015bcie subtelnie podkre\u015blaj\u0105 pi\u0119kno kwiat\u00f3w, tworz\u0105c idealn\u0105 harmoni\u0119. Ca\u0142y bukiet jest przewi\u0105zany czerwon\u0105 wst\u0105\u017ck\u0105, stanowi\u0105c doskona\u0142y spos\u00f3b na wyra\u017cenie najg\u0142\u0119bszych uczu\u0107.<\/p>\n<div>\n<h3 class=\"title-3\">Zwroty i reklamacje<\/h3>\n<p>Ze wzgl\u0119du na spersonalizowany charakter zam\u00f3wienia produkty wykonywane na specjalne zam\u00f3wienie nie podlegaj\u0105 zwrotom ani reklamacji.<\/p>\n<\/div>\n<p>&nbsp;<\/p>\n","protected":false},"excerpt":{"rendered":"<p>Ten bukiet czerwonych r\u00f3\u017c to kwintesencja elegancji i intensywnych uczu\u0107. To idealny prezent dla ukochanej osoby na walentynki, rocznic\u0119 lub ka\u017cd\u0105 wyj\u0105tkow\u0105 okazj\u0119. G\u0142\u0119boka czerwie\u0144 r\u00f3\u017c symbolizuje mi\u0142o\u015b\u0107 i pasj\u0119, a efektowne czarno-czerwone opakowanie nadaje kompozycji luksusowy charakter. Delikatne zielone li\u015bcie subtelnie podkre\u015blaj\u0105 pi\u0119kno kwiat\u00f3w, tworz\u0105c idealn\u0105 harmoni\u0119. Ca\u0142y bukiet jest przewi\u0105zany czerwon\u0105 wst\u0105\u017ck\u0105, stanowi\u0105c [&hellip;]<\/p>\n","protected":false},"featured_media":5518,"template":"","meta":{"_acf_changed":false},"product_brand":[],"product_cat":[88,110,91],"product_tag":[],"class_list":{"0":"post-5554","1":"product","2":"type-product","3":"status-publish","4":"has-post-thumbnail","6":"product_cat-okazje","7":"product_cat-rocznica","8":"product_cat-walentynki","10":"first","11":"instock","12":"shipping-taxable","13":"purchasable","14":"product-type-variable","15":"has-default-attributes"},"acf":[],"_links":{"self":[{"href":"https:\/\/tenerife-flowers-online.com\/pl\/wp-json\/wp\/v2\/product\/5554","targetHints":{"allow":["GET"]}}],"collection":[{"href":"https:\/\/tenerife-flowers-online.com\/pl\/wp-json\/wp\/v2\/product"}],"about":[{"href":"https:\/\/tenerife-flowers-online.com\/pl\/wp-json\/wp\/v2\/types\/product"}],"wp:featuredmedia":[{"embeddable":true,"href":"https:\/\/tenerife-flowers-online.com\/pl\/wp-json\/wp\/v2\/media\/5518"}],"wp:attachment":[{"href":"https:\/\/tenerife-flowers-online.com\/pl\/wp-json\/wp\/v2\/media?parent=5554"}],"wp:term":[{"taxonomy":"product_brand","embeddable":true,"href":"https:\/\/tenerife-flowers-online.com\/pl\/wp-json\/wp\/v2\/product_brand?post=5554"},{"taxonomy":"product_cat","embeddable":true,"href":"https:\/\/tenerife-flowers-online.com\/pl\/wp-json\/wp\/v2\/product_cat?post=5554"},{"taxonomy":"product_tag","embeddable":true,"href":"https:\/\/tenerife-flowers-online.com\/pl\/wp-json\/wp\/v2\/product_tag?post=5554"}],"curies":[{"name":"wp","href":"https:\/\/api.w.org\/{rel}","templated":true}]}}