{"id":5542,"date":"2026-04-16T11:35:32","date_gmt":"2026-04-16T10:35:32","guid":{"rendered":"https:\/\/tenerife-flowers-online.com\/producto\/bukiet-z-liliami-i-gozdzikami\/"},"modified":"2026-04-16T11:35:32","modified_gmt":"2026-04-16T10:35:32","slug":"bukiet-z-liliami-i-gozdzikami","status":"publish","type":"product","link":"https:\/\/tenerife-flowers-online.com\/pl\/producto\/bukiet-z-liliami-i-gozdzikami\/","title":{"rendered":"Bukiet z liliami i go\u017adzikami"},"content":{"rendered":"<p>Ten bukiet ma wyrazisty i elegancki charakter dzi\u0119ki po\u0142\u0105czeniu kontrastuj\u0105cych kolor\u00f3w i delikatnych kwiat\u00f3w. Dominuj\u0105 bia\u0142e lilie, symbolizuj\u0105ce czysto\u015b\u0107 i niewinno\u015b\u0107, oraz czerwone go\u017adziki, b\u0119d\u0105ce symbolem mi\u0142o\u015bci i pasji. Bukiet zawiera te\u017c akcenty kwiat\u00f3w w odcieniach fioletowo-r\u00f3\u017cowych, co dodaje kompozycji delikatno\u015bci.<\/p>\n<div class=\"flex-shrink-0 flex flex-col relative items-end\">\n<div>\n<div class=\"pt-0\">\n<div class=\"gizmo-bot-avatar flex h-8 w-8 items-center justify-center overflow-hidden rounded-full\">\n<div class=\"relative p-1 rounded-sm flex items-center justify-center bg-token-main-surface-primary text-token-text-primary h-8 w-8\">Srebrzyste li\u015bcie dekoracyjne ponownie pe\u0142ni\u0105 rol\u0119 b\u0142yszcz\u0105cej ozdoby, dodaj\u0105c kompozycji blasku. Kwiaty s\u0105 owini\u0119te w p\u00f3\u0142przezroczysty czerwony papier, kt\u00f3ry pi\u0119knie podkre\u015bla intensywn\u0105 barw\u0119 czerwonych kwiat\u00f3w. Ca\u0142o\u015b\u0107 przewi\u0105zana jest delikatn\u0105 bia\u0142\u0105 wst\u0105\u017ck\u0105, tworz\u0105c eleganckie i schludne wyko\u0144czenie. Ten bukiet jest efektowny i idealny na okazje wymagaj\u0105ce silnego wyrazu emocjonalnego, takie jak rocznice, Walentynki czy specjalne wydarzenia. Dodatkowym atutem jest szklany wazon, w kt\u00f3rym si\u0119 znajduje, co pozwala na imponuj\u0105c\u0105 prezentacj\u0119.<\/div>\n<\/div>\n<\/div>\n<\/div>\n<\/div>\n<div>\n<h3 class=\"title-3\">Zwroty i reklamacje<\/h3>\n<p>Ze wzgl\u0119du na spersonalizowany charakter zam\u00f3wienia produkty wykonywane na specjalne zam\u00f3wienie nie podlegaj\u0105 zwrotom ani reklamacji.<\/p>\n<\/div>\n","protected":false},"excerpt":{"rendered":"<p>Ten bukiet ma wyrazisty i elegancki charakter dzi\u0119ki po\u0142\u0105czeniu kontrastuj\u0105cych kolor\u00f3w i delikatnych kwiat\u00f3w. Dominuj\u0105 bia\u0142e lilie, symbolizuj\u0105ce czysto\u015b\u0107 i niewinno\u015b\u0107, oraz czerwone go\u017adziki, b\u0119d\u0105ce symbolem mi\u0142o\u015bci i pasji. Bukiet zawiera te\u017c akcenty kwiat\u00f3w w odcieniach fioletowo-r\u00f3\u017cowych, co dodaje kompozycji delikatno\u015bci. Srebrzyste li\u015bcie dekoracyjne ponownie pe\u0142ni\u0105 rol\u0119 b\u0142yszcz\u0105cej ozdoby, dodaj\u0105c kompozycji blasku. Kwiaty s\u0105 owini\u0119te [&hellip;]<\/p>\n","protected":false},"featured_media":5414,"template":"","meta":{"_acf_changed":false},"product_brand":[],"product_cat":[110,88,90,89],"product_tag":[],"class_list":{"0":"post-5542","1":"product","2":"type-product","3":"status-publish","4":"has-post-thumbnail","6":"product_cat-rocznica","7":"product_cat-okazje","8":"product_cat-urodziny","9":"product_cat-wyjatkowe-uroczystosci","11":"first","12":"instock","13":"shipping-taxable","14":"purchasable","15":"product-type-variable","16":"has-default-attributes"},"acf":[],"_links":{"self":[{"href":"https:\/\/tenerife-flowers-online.com\/pl\/wp-json\/wp\/v2\/product\/5542","targetHints":{"allow":["GET"]}}],"collection":[{"href":"https:\/\/tenerife-flowers-online.com\/pl\/wp-json\/wp\/v2\/product"}],"about":[{"href":"https:\/\/tenerife-flowers-online.com\/pl\/wp-json\/wp\/v2\/types\/product"}],"wp:featuredmedia":[{"embeddable":true,"href":"https:\/\/tenerife-flowers-online.com\/pl\/wp-json\/wp\/v2\/media\/5414"}],"wp:attachment":[{"href":"https:\/\/tenerife-flowers-online.com\/pl\/wp-json\/wp\/v2\/media?parent=5542"}],"wp:term":[{"taxonomy":"product_brand","embeddable":true,"href":"https:\/\/tenerife-flowers-online.com\/pl\/wp-json\/wp\/v2\/product_brand?post=5542"},{"taxonomy":"product_cat","embeddable":true,"href":"https:\/\/tenerife-flowers-online.com\/pl\/wp-json\/wp\/v2\/product_cat?post=5542"},{"taxonomy":"product_tag","embeddable":true,"href":"https:\/\/tenerife-flowers-online.com\/pl\/wp-json\/wp\/v2\/product_tag?post=5542"}],"curies":[{"name":"wp","href":"https:\/\/api.w.org\/{rel}","templated":true}]}}