{"id":5351,"date":"2024-10-08T18:07:22","date_gmt":"2024-10-08T16:07:22","guid":{"rendered":"https:\/\/tenerife-flowers-online.com\/producto\/oddzial-10\/"},"modified":"2025-02-05T16:41:54","modified_gmt":"2025-02-05T15:41:54","slug":"bukiet-10","status":"publish","type":"product","link":"https:\/\/tenerife-flowers-online.com\/pl\/producto\/bukiet-10\/","title":{"rendered":"Bukiet w ciep\u0142ych \u017c\u00f3\u0142tych odcieniach z r\u00f3\u017cami, s\u0142onecznikami i liliami"},"content":{"rendered":"<p>Delikatna gips\u00f3wka dodaje lekko\u015bci, a zielone li\u015bcie podkre\u015blaj\u0105 intensywne kolory kwiat\u00f3w. Zapakowany w elegancki papier z subteln\u0105 kokard\u0105, ten bukiet jest idealny na ka\u017cd\u0105 okazj\u0119, gdy chcesz wnie\u015b\u0107 odrobin\u0119 s\u0142o\u0144ca i u\u015bmiechu do czyjego\u015b \u017cycia.<\/p>\n","protected":false},"excerpt":{"rendered":"<p>Rozja\u015bnij dzie\u0144 ukochanej osoby tym promiennym bukietem w ciep\u0142ych odcieniach \u017c\u00f3\u0142ci. Kompozycja sk\u0142ada si\u0119 z \u017c\u00f3\u0142tych r\u00f3\u017c, s\u0142onecznik\u00f3w i lilii, symbolizuj\u0105cych rado\u015b\u0107, przyja\u017a\u0144 i pozytywn\u0105 energi\u0119.<\/p>\n","protected":false},"featured_media":5551,"template":"","meta":{"_acf_changed":false},"product_cat":[77,80],"product_tag":[],"class_list":{"0":"post-5351","1":"product","2":"type-product","3":"status-publish","4":"has-post-thumbnail","6":"product_cat-bukiety","7":"product_cat-urodziny","9":"first","10":"instock","11":"shipping-taxable","12":"purchasable","13":"product-type-variable"},"acf":[],"_links":{"self":[{"href":"https:\/\/tenerife-flowers-online.com\/pl\/wp-json\/wp\/v2\/product\/5351"}],"collection":[{"href":"https:\/\/tenerife-flowers-online.com\/pl\/wp-json\/wp\/v2\/product"}],"about":[{"href":"https:\/\/tenerife-flowers-online.com\/pl\/wp-json\/wp\/v2\/types\/product"}],"wp:featuredmedia":[{"embeddable":true,"href":"https:\/\/tenerife-flowers-online.com\/pl\/wp-json\/wp\/v2\/media\/5551"}],"wp:attachment":[{"href":"https:\/\/tenerife-flowers-online.com\/pl\/wp-json\/wp\/v2\/media?parent=5351"}],"wp:term":[{"taxonomy":"product_cat","embeddable":true,"href":"https:\/\/tenerife-flowers-online.com\/pl\/wp-json\/wp\/v2\/product_cat?post=5351"},{"taxonomy":"product_tag","embeddable":true,"href":"https:\/\/tenerife-flowers-online.com\/pl\/wp-json\/wp\/v2\/product_tag?post=5351"}],"curies":[{"name":"wp","href":"https:\/\/api.w.org\/{rel}","templated":true}]}}