{"id":5345,"date":"2024-10-08T18:02:41","date_gmt":"2024-10-08T16:02:41","guid":{"rendered":"https:\/\/tenerife-flowers-online.com\/producto\/oddzial-8\/"},"modified":"2026-02-12T18:42:38","modified_gmt":"2026-02-12T17:42:38","slug":"bukiet-8","status":"publish","type":"product","link":"https:\/\/tenerife-flowers-online.com\/pl\/producto\/bukiet-8\/","title":{"rendered":"Bukiet klasycznych czerwonych r\u00f3\u017c \u2013 Kocham Ci\u0119"},"content":{"rendered":"<p>G\u0142\u0119boka czerwie\u0144 r\u00f3\u017c symbolizuje mi\u0142o\u015b\u0107 i nami\u0119tno\u015b\u0107, a efektowne czarno-czerwone opakowanie nadaje kompozycji luksusowego charakteru. Delikatne zielone li\u015bcie subtelnie podkre\u015blaj\u0105 pi\u0119kno kwiat\u00f3w, tworz\u0105c idealn\u0105 harmoni\u0119. Ca\u0142y bukiet przewi\u0105zany jest czerwon\u0105 wst\u0105\u017ck\u0105, co stanowi idealny spos\u00f3b na wyra\u017cenie najg\u0142\u0119bszych uczu\u0107.<\/p>\n","protected":false},"excerpt":{"rendered":"<p>Ten bukiet czerwonych r\u00f3\u017c to kwintesencja elegancji i intensywnych uczu\u0107. Jest to idealny prezent dla ukochanej osoby na Walentynki, rocznic\u0119 lub inn\u0105 specjaln\u0105 okazj\u0119.<\/p>\n","protected":false},"featured_media":5543,"template":"","meta":{"_acf_changed":false},"product_cat":[77,86,78],"product_tag":[],"class_list":{"0":"post-5345","1":"product","2":"type-product","3":"status-publish","4":"has-post-thumbnail","6":"product_cat-bukiety","7":"product_cat-rocznica","8":"product_cat-walentynki","10":"first","11":"instock","12":"shipping-taxable","13":"purchasable","14":"product-type-variable"},"acf":[],"_links":{"self":[{"href":"https:\/\/tenerife-flowers-online.com\/pl\/wp-json\/wp\/v2\/product\/5345"}],"collection":[{"href":"https:\/\/tenerife-flowers-online.com\/pl\/wp-json\/wp\/v2\/product"}],"about":[{"href":"https:\/\/tenerife-flowers-online.com\/pl\/wp-json\/wp\/v2\/types\/product"}],"wp:featuredmedia":[{"embeddable":true,"href":"https:\/\/tenerife-flowers-online.com\/pl\/wp-json\/wp\/v2\/media\/5543"}],"wp:attachment":[{"href":"https:\/\/tenerife-flowers-online.com\/pl\/wp-json\/wp\/v2\/media?parent=5345"}],"wp:term":[{"taxonomy":"product_cat","embeddable":true,"href":"https:\/\/tenerife-flowers-online.com\/pl\/wp-json\/wp\/v2\/product_cat?post=5345"},{"taxonomy":"product_tag","embeddable":true,"href":"https:\/\/tenerife-flowers-online.com\/pl\/wp-json\/wp\/v2\/product_tag?post=5345"}],"curies":[{"name":"wp","href":"https:\/\/api.w.org\/{rel}","templated":true}]}}