{"id":5334,"date":"2026-04-16T10:07:12","date_gmt":"2026-04-16T09:07:12","guid":{"rendered":"https:\/\/tenerife-flowers-online.com\/produkt\/bukiet-z-roz-lilii-gozdzikow-i-chryzantem\/"},"modified":"2026-04-16T13:36:25","modified_gmt":"2026-04-16T12:36:25","slug":"bukiet-z-roz-lilii-gozdzikow-i-chryzantem","status":"publish","type":"product","link":"https:\/\/tenerife-flowers-online.com\/pl\/producto\/bukiet-z-roz-lilii-gozdzikow-i-chryzantem\/","title":{"rendered":"Bukiet z r\u00f3\u017c, lilii, go\u017adzik\u00f3w i chryzantem"},"content":{"rendered":"<p>Ten bukiet jest pe\u0142en pasji i ekspresji, zdominowany przez g\u0142\u0119bokie odcienie czerwieni. Czerwone r\u00f3\u017ce, ozdobione z\u0142otymi pere\u0142kami, graj\u0105 g\u0142\u00f3wn\u0105 rol\u0119, nadaj\u0105c ca\u0142o\u015bci wyj\u0105tkowy i luksusowy wygl\u0105d. Obok nich znajduj\u0105 si\u0119 intensywnie czerwone go\u017adziki, kt\u00f3re dodaj\u0105 bukietowi faktury i energii.<\/p>\n<p>Ma\u0142e, dekoracyjne bia\u0142e suszone kwiaty wprowadzaj\u0105 subtelny kontrast w kompozycji, prze\u0142amuj\u0105c dominacj\u0119 czerwieni. Ziele\u0144 paproci dodaje naturalno\u015bci i tworzy pi\u0119kny kontrast z czerwonymi kwiatami, podkre\u015blaj\u0105c ich g\u0142\u0119bi\u0119. Uwag\u0119 przyci\u0105ga te\u017c z\u0142oty, a\u017curowy motyl, kt\u00f3ry pe\u0142ni rol\u0119 eleganckiej ozdoby i dodaje bukietowi lekko\u015bci. Ten bukiet jest owini\u0119ty czerwono-bia\u0142ym papierem, kt\u00f3ry delikatnie si\u0119 mieni, dodaj\u0105c jeszcze wi\u0119cej szyku i elegancji. To idealny wyb\u00f3r na wyj\u0105tkowe okazje, takie jak romantyczne gesty czy ceremonie, gdzie kr\u00f3luj\u0105 mi\u0142o\u015b\u0107 i pasja.<\/p>\n<div>\n<h3 class=\"title-3\">Zwroty i reklamacje<\/h3>\n<p>Ze wzgl\u0119du na spersonalizowany charakter zam\u00f3wienia produkty wykonywane na specjalne zam\u00f3wienie nie podlegaj\u0105 zwrotom ani reklamacji.<\/p>\n<\/div>\n","protected":false},"excerpt":{"rendered":"<p>Ten bukiet jest pe\u0142en pasji i ekspresji, zdominowany przez g\u0142\u0119bokie odcienie czerwieni. Czerwone r\u00f3\u017ce, ozdobione z\u0142otymi pere\u0142kami, graj\u0105 g\u0142\u00f3wn\u0105 rol\u0119, nadaj\u0105c ca\u0142o\u015bci wyj\u0105tkowy i luksusowy wygl\u0105d. Obok nich znajduj\u0105 si\u0119 intensywnie czerwone go\u017adziki, kt\u00f3re dodaj\u0105 bukietowi faktury i energii. Ma\u0142e, dekoracyjne bia\u0142e suszone kwiaty wprowadzaj\u0105 subtelny kontrast w kompozycji, prze\u0142amuj\u0105c dominacj\u0119 czerwieni. Ziele\u0144 paproci dodaje [&hellip;]<\/p>\n","protected":false},"featured_media":5335,"template":"","meta":{"_acf_changed":false},"product_brand":[],"product_cat":[88,90,91,89],"product_tag":[],"class_list":{"0":"post-5334","1":"product","2":"type-product","3":"status-publish","4":"has-post-thumbnail","6":"product_cat-okazje","7":"product_cat-urodziny","8":"product_cat-walentynki","9":"product_cat-wyjatkowe-uroczystosci","11":"first","12":"instock","13":"shipping-taxable","14":"purchasable","15":"product-type-variable","16":"has-default-attributes"},"acf":[],"_links":{"self":[{"href":"https:\/\/tenerife-flowers-online.com\/pl\/wp-json\/wp\/v2\/product\/5334","targetHints":{"allow":["GET"]}}],"collection":[{"href":"https:\/\/tenerife-flowers-online.com\/pl\/wp-json\/wp\/v2\/product"}],"about":[{"href":"https:\/\/tenerife-flowers-online.com\/pl\/wp-json\/wp\/v2\/types\/product"}],"wp:featuredmedia":[{"embeddable":true,"href":"https:\/\/tenerife-flowers-online.com\/pl\/wp-json\/wp\/v2\/media\/5335"}],"wp:attachment":[{"href":"https:\/\/tenerife-flowers-online.com\/pl\/wp-json\/wp\/v2\/media?parent=5334"}],"wp:term":[{"taxonomy":"product_brand","embeddable":true,"href":"https:\/\/tenerife-flowers-online.com\/pl\/wp-json\/wp\/v2\/product_brand?post=5334"},{"taxonomy":"product_cat","embeddable":true,"href":"https:\/\/tenerife-flowers-online.com\/pl\/wp-json\/wp\/v2\/product_cat?post=5334"},{"taxonomy":"product_tag","embeddable":true,"href":"https:\/\/tenerife-flowers-online.com\/pl\/wp-json\/wp\/v2\/product_tag?post=5334"}],"curies":[{"name":"wp","href":"https:\/\/api.w.org\/{rel}","templated":true}]}}