{"id":5327,"date":"2024-10-08T18:00:01","date_gmt":"2024-10-08T16:00:01","guid":{"rendered":"https:\/\/tenerife-flowers-online.com\/producto\/oddzial-7\/"},"modified":"2025-03-01T22:15:19","modified_gmt":"2025-03-01T21:15:19","slug":"bukiet-7","status":"publish","type":"product","link":"https:\/\/tenerife-flowers-online.com\/pl\/producto\/bukiet-7\/","title":{"rendered":"Kolorowy bukiet z r\u00f3\u017cami, liliami, go\u017adzikami i gerberami"},"content":{"rendered":"<p>R\u00f3\u017cnorodno\u015b\u0107 kwiat\u00f3w i odcieni, od ciep\u0142ych czerwieni po delikatne r\u00f3\u017ce i energetyczne pomara\u0144cze, tworzy kompozycj\u0119, kt\u00f3ra o\u017cywi ka\u017cd\u0105 przestrze\u0144. Zielone detale doskonale podkre\u015blaj\u0105 urok kwiat\u00f3w, a szklany wazon dodaje jeszcze wi\u0119cej elegancji. To idealny wyb\u00f3r na urodziny, imieniny lub po prostu, by wywo\u0142a\u0107 u\u015bmiech na twarzy wyj\u0105tkowej osoby.<\/p>\n","protected":false},"excerpt":{"rendered":"<p>Ten bukiet to prawdziwa eksplozja kolor\u00f3w i rado\u015bci! Idealny na ka\u017cd\u0105 okazj\u0119, jest pe\u0142en \u017cywych r\u00f3\u017c, pomara\u0144czowych gerber i lilii, kt\u00f3re dodaj\u0105 elegancji i charakteru. <\/p>\n","protected":false},"featured_media":5535,"template":"","meta":{"_acf_changed":false},"product_cat":[77,87,80],"product_tag":[],"class_list":{"0":"post-5327","1":"product","2":"type-product","3":"status-publish","4":"has-post-thumbnail","6":"product_cat-bukiety","7":"product_cat-imieniny","8":"product_cat-urodziny","10":"first","11":"instock","12":"shipping-taxable","13":"purchasable","14":"product-type-variable"},"acf":[],"_links":{"self":[{"href":"https:\/\/tenerife-flowers-online.com\/pl\/wp-json\/wp\/v2\/product\/5327"}],"collection":[{"href":"https:\/\/tenerife-flowers-online.com\/pl\/wp-json\/wp\/v2\/product"}],"about":[{"href":"https:\/\/tenerife-flowers-online.com\/pl\/wp-json\/wp\/v2\/types\/product"}],"wp:featuredmedia":[{"embeddable":true,"href":"https:\/\/tenerife-flowers-online.com\/pl\/wp-json\/wp\/v2\/media\/5535"}],"wp:attachment":[{"href":"https:\/\/tenerife-flowers-online.com\/pl\/wp-json\/wp\/v2\/media?parent=5327"}],"wp:term":[{"taxonomy":"product_cat","embeddable":true,"href":"https:\/\/tenerife-flowers-online.com\/pl\/wp-json\/wp\/v2\/product_cat?post=5327"},{"taxonomy":"product_tag","embeddable":true,"href":"https:\/\/tenerife-flowers-online.com\/pl\/wp-json\/wp\/v2\/product_tag?post=5327"}],"curies":[{"name":"wp","href":"https:\/\/api.w.org\/{rel}","templated":true}]}}