{"id":5320,"date":"2024-10-08T17:40:31","date_gmt":"2024-10-08T15:40:31","guid":{"rendered":"https:\/\/tenerife-flowers-online.com\/producto\/oddzial-5\/"},"modified":"2025-02-05T16:19:13","modified_gmt":"2025-02-05T15:19:13","slug":"bukiet-5","status":"publish","type":"product","link":"https:\/\/tenerife-flowers-online.com\/pl\/producto\/bukiet-5\/","title":{"rendered":"Bukiet bia\u0142ych r\u00f3\u017c, go\u017adzik\u00f3w i chryzantem"},"content":{"rendered":"<p>Idealny na urodziny, rocznice i podzi\u0119kowania! Ca\u0142a kompozycja przypomina drogocenny klejnot. Czysta magia&#8230;<\/p>\n","protected":false},"excerpt":{"rendered":"<p>Prezentowany bukiet sk\u0142ada si\u0119 z bia\u0142ych kwiat\u00f3w r\u00f3\u017c, chryzantem, go\u017adzik\u00f3w i bia\u0142ej paniculaty, tworz\u0105c pi\u0119kne po\u0142\u0105czenie \u015bwie\u017co\u015bci, czysto\u015bci i luksusu. Zawini\u0119ty w dekoracyjny bia\u0142y tiul ozdobiony per\u0142ami i ma\u0142ymi per\u0142owymi kamyczkami wplecionymi bezpo\u015brednio w kwiaty, ca\u0142o\u015b\u0107 przewi\u0105zana efektown\u0105 wst\u0105\u017ck\u0105.<\/p>\n","protected":false},"featured_media":5519,"template":"","meta":{"_acf_changed":false},"product_cat":[77,91,80],"product_tag":[],"class_list":{"0":"post-5320","1":"product","2":"type-product","3":"status-publish","4":"has-post-thumbnail","6":"product_cat-bukiety","7":"product_cat-podziekowania","8":"product_cat-urodziny","10":"first","11":"instock","12":"shipping-taxable","13":"purchasable","14":"product-type-variable"},"acf":[],"_links":{"self":[{"href":"https:\/\/tenerife-flowers-online.com\/pl\/wp-json\/wp\/v2\/product\/5320"}],"collection":[{"href":"https:\/\/tenerife-flowers-online.com\/pl\/wp-json\/wp\/v2\/product"}],"about":[{"href":"https:\/\/tenerife-flowers-online.com\/pl\/wp-json\/wp\/v2\/types\/product"}],"wp:featuredmedia":[{"embeddable":true,"href":"https:\/\/tenerife-flowers-online.com\/pl\/wp-json\/wp\/v2\/media\/5519"}],"wp:attachment":[{"href":"https:\/\/tenerife-flowers-online.com\/pl\/wp-json\/wp\/v2\/media?parent=5320"}],"wp:term":[{"taxonomy":"product_cat","embeddable":true,"href":"https:\/\/tenerife-flowers-online.com\/pl\/wp-json\/wp\/v2\/product_cat?post=5320"},{"taxonomy":"product_tag","embeddable":true,"href":"https:\/\/tenerife-flowers-online.com\/pl\/wp-json\/wp\/v2\/product_tag?post=5320"}],"curies":[{"name":"wp","href":"https:\/\/api.w.org\/{rel}","templated":true}]}}