{"id":5309,"date":"2024-10-08T17:43:49","date_gmt":"2024-10-08T15:43:49","guid":{"rendered":"https:\/\/tenerife-flowers-online.com\/producto\/oddzial-6\/"},"modified":"2026-02-12T18:33:18","modified_gmt":"2026-02-12T17:33:18","slug":"bukiet-6","status":"publish","type":"product","link":"https:\/\/tenerife-flowers-online.com\/pl\/producto\/bukiet-6\/","title":{"rendered":"Personalizowany bukiet z czerwonymi r\u00f3\u017cami i Ferrero"},"content":{"rendered":"<p>To idealny prezent na Walentynki, rocznic\u0119 lub urodziny ukochanej osoby. Elegancja i luksus: Nasze bukiety czerwonych r\u00f3\u017c to kwintesencja elegancji. G\u0142\u0119boki, intensywny kolor kwiat\u00f3w podkre\u015bla ich wyj\u0105tkowo\u015b\u0107, czyni\u0105c ka\u017cd\u0105 chwil\u0119 jeszcze bardziej wyj\u0105tkow\u0105.<\/p>\n","protected":false},"excerpt":{"rendered":"<p>Czerwone r\u00f3\u017ce: Ten oryginalny bukiet w kszta\u0142cie sto\u017cka z dedykacj\u0105 napisan\u0105 z\u0142otymi literami to wyj\u0105tkowy prezent, a s\u0142odkie serduszka Ferrero tylko wzmacniaj\u0105 ca\u0142y magiczny efekt. Czerwone r\u00f3\u017ce od wiek\u00f3w uwa\u017cane s\u0105 za kwiaty nami\u0119tno\u015bci, po\u017c\u0105dania i mi\u0142o\u015bci. Czekoladki zawsze stanowi\u0142y ich wspania\u0142e uzupe\u0142nienie.<\/p>\n","protected":false},"featured_media":5527,"template":"","meta":{"_acf_changed":false},"product_cat":[77,86,80,78],"product_tag":[],"class_list":{"0":"post-5309","1":"product","2":"type-product","3":"status-publish","4":"has-post-thumbnail","6":"product_cat-bukiety","7":"product_cat-rocznica","8":"product_cat-urodziny","9":"product_cat-walentynki","11":"first","12":"instock","13":"shipping-taxable","14":"purchasable","15":"product-type-variable"},"acf":[],"_links":{"self":[{"href":"https:\/\/tenerife-flowers-online.com\/pl\/wp-json\/wp\/v2\/product\/5309"}],"collection":[{"href":"https:\/\/tenerife-flowers-online.com\/pl\/wp-json\/wp\/v2\/product"}],"about":[{"href":"https:\/\/tenerife-flowers-online.com\/pl\/wp-json\/wp\/v2\/types\/product"}],"wp:featuredmedia":[{"embeddable":true,"href":"https:\/\/tenerife-flowers-online.com\/pl\/wp-json\/wp\/v2\/media\/5527"}],"wp:attachment":[{"href":"https:\/\/tenerife-flowers-online.com\/pl\/wp-json\/wp\/v2\/media?parent=5309"}],"wp:term":[{"taxonomy":"product_cat","embeddable":true,"href":"https:\/\/tenerife-flowers-online.com\/pl\/wp-json\/wp\/v2\/product_cat?post=5309"},{"taxonomy":"product_tag","embeddable":true,"href":"https:\/\/tenerife-flowers-online.com\/pl\/wp-json\/wp\/v2\/product_tag?post=5309"}],"curies":[{"name":"wp","href":"https:\/\/api.w.org\/{rel}","templated":true}]}}