{"id":5302,"date":"2024-10-08T17:37:11","date_gmt":"2024-10-08T15:37:11","guid":{"rendered":"https:\/\/tenerife-flowers-online.com\/producto\/oddzial-4\/"},"modified":"2025-02-05T16:14:37","modified_gmt":"2025-02-05T15:14:37","slug":"bukiet-4","status":"publish","type":"product","link":"https:\/\/tenerife-flowers-online.com\/pl\/producto\/bukiet-4\/","title":{"rendered":"Pastelowy bukiet z r\u00f3\u017cami, liliami, go\u017adzikami i chryzantemami"},"content":{"rendered":"<div class=\"flex-shrink-0 flex flex-col relative items-end\">\n<div>\n<div class=\"pt-0\">\n<div class=\"gizmo-bot-avatar flex h-8 w-8 items-center justify-center overflow-hidden rounded-full\">\n<div class=\"relative p-1 rounded-sm flex items-center justify-center bg-token-main-surface-primary text-token-text-primary h-8 w-8\">Idealny bukiet na urodziny, \u015bwi\u0119ta lub po prostu bez powodu. Pi\u0119kne ciep\u0142e odcienie zmi\u0119kczaj\u0105 najtwardsze serca, a delikatny tiul spaja ca\u0142\u0105 kompozycj\u0119. Ca\u0142o\u015b\u0107 przewi\u0105zana pi\u0119kn\u0105 r\u00f3\u017cow\u0105 wst\u0105\u017ck\u0105.<\/div>\n<\/div>\n<\/div>\n<\/div>\n<\/div>\n","protected":false},"excerpt":{"rendered":"<p>Do tego bukietu w odcieniach herbacianych r\u00f3\u017c, go\u017adzik\u00f3w i \u017c\u00f3\u0142tych lilii do\u0142\u0105cza pomara\u0144czowa paniculata, a wszystko to w kolorach jesiennego s\u0142o\u0144ca o zachodzie.<\/p>\n","protected":false},"featured_media":5515,"template":"","meta":{"_acf_changed":false},"product_cat":[77,87,80],"product_tag":[],"class_list":{"0":"post-5302","1":"product","2":"type-product","3":"status-publish","4":"has-post-thumbnail","6":"product_cat-bukiety","7":"product_cat-imieniny","8":"product_cat-urodziny","10":"first","11":"instock","12":"shipping-taxable","13":"purchasable","14":"product-type-variable"},"acf":[],"_links":{"self":[{"href":"https:\/\/tenerife-flowers-online.com\/pl\/wp-json\/wp\/v2\/product\/5302"}],"collection":[{"href":"https:\/\/tenerife-flowers-online.com\/pl\/wp-json\/wp\/v2\/product"}],"about":[{"href":"https:\/\/tenerife-flowers-online.com\/pl\/wp-json\/wp\/v2\/types\/product"}],"wp:featuredmedia":[{"embeddable":true,"href":"https:\/\/tenerife-flowers-online.com\/pl\/wp-json\/wp\/v2\/media\/5515"}],"wp:attachment":[{"href":"https:\/\/tenerife-flowers-online.com\/pl\/wp-json\/wp\/v2\/media?parent=5302"}],"wp:term":[{"taxonomy":"product_cat","embeddable":true,"href":"https:\/\/tenerife-flowers-online.com\/pl\/wp-json\/wp\/v2\/product_cat?post=5302"},{"taxonomy":"product_tag","embeddable":true,"href":"https:\/\/tenerife-flowers-online.com\/pl\/wp-json\/wp\/v2\/product_tag?post=5302"}],"curies":[{"name":"wp","href":"https:\/\/api.w.org\/{rel}","templated":true}]}}