{"id":5299,"date":"2024-10-08T14:24:04","date_gmt":"2024-10-08T12:24:04","guid":{"rendered":"https:\/\/tenerife-flowers-online.com\/producto\/oddzial-2\/"},"modified":"2025-02-05T16:06:23","modified_gmt":"2025-02-05T15:06:23","slug":"bukiet-2","status":"publish","type":"product","link":"https:\/\/tenerife-flowers-online.com\/pl\/producto\/bukiet-2\/","title":{"rendered":"Bukiet z liliami i go\u017adzikami"},"content":{"rendered":"<div class=\"flex-shrink-0 flex flex-col relative items-end\">\n<div>\n<div class=\"pt-0\">\n<div class=\"gizmo-bot-avatar flex h-8 w-8 items-center justify-center overflow-hidden rounded-full\">\n<div class=\"relative p-1 rounded-sm flex items-center justify-center bg-token-main-surface-primary text-token-text-primary h-8 w-8\">Srebrne dekoracyjne li\u015bcie ponownie pe\u0142ni\u0105 rol\u0119 b\u0142yszcz\u0105cego ornamentu, dodaj\u0105c kompozycji odrobin\u0119 blasku. Kwiaty zawini\u0119to w p\u00f3\u0142przezroczysty czerwony papier, kt\u00f3ry pi\u0119knie podkre\u015bla intensywn\u0105 barw\u0119 czerwonych kwiat\u00f3w. Ca\u0142o\u015b\u0107 przewi\u0105zano delikatn\u0105 bia\u0142\u0105 wst\u0105\u017ck\u0105, tworz\u0105c eleganckie i schludne wyko\u0144czenie. Ten bukiet przyci\u0105ga wzrok i jest idealny na okazje, kt\u00f3re wymagaj\u0105 silnej ekspresji emocjonalnej, takie jak rocznice, Walentynki lub specjalne wydarzenia. Dodatkow\u0105 warto\u015bci\u0105 jest szklany wazon, w kt\u00f3rym bukiet jest umieszczony, pozwalaj\u0105cy na osza\u0142amiaj\u0105c\u0105 prezentacj\u0119.<\/div>\n<\/div>\n<\/div>\n<\/div>\n<\/div>\n","protected":false},"excerpt":{"rendered":"<p>Ten bukiet ma wyrazisty i elegancki charakter dzi\u0119ki po\u0142\u0105czeniu kontrastuj\u0105cych kolor\u00f3w i delikatnych kwiat\u00f3w. Dominuj\u0105 w nim bia\u0142e lilie, symbolizuj\u0105ce czysto\u015b\u0107 i niewinno\u015b\u0107, oraz czerwone go\u017adziki, symbolizuj\u0105ce mi\u0142o\u015b\u0107 i nami\u0119tno\u015b\u0107. Bukiet zawiera r\u00f3wnie\u017c odrobin\u0119 fioletowo-r\u00f3\u017cowych kwiat\u00f3w, kt\u00f3re dodaj\u0105 kompozycji delikatno\u015bci.<\/p>\n","protected":false},"featured_media":5507,"template":"","meta":{"_acf_changed":false},"product_cat":[77,86,82,80],"product_tag":[],"class_list":{"0":"post-5299","1":"product","2":"type-product","3":"status-publish","4":"has-post-thumbnail","6":"product_cat-bukiety","7":"product_cat-rocznica","8":"product_cat-specjalne-uroczystosci","9":"product_cat-urodziny","11":"first","12":"instock","13":"shipping-taxable","14":"purchasable","15":"product-type-variable"},"acf":[],"_links":{"self":[{"href":"https:\/\/tenerife-flowers-online.com\/pl\/wp-json\/wp\/v2\/product\/5299"}],"collection":[{"href":"https:\/\/tenerife-flowers-online.com\/pl\/wp-json\/wp\/v2\/product"}],"about":[{"href":"https:\/\/tenerife-flowers-online.com\/pl\/wp-json\/wp\/v2\/types\/product"}],"wp:featuredmedia":[{"embeddable":true,"href":"https:\/\/tenerife-flowers-online.com\/pl\/wp-json\/wp\/v2\/media\/5507"}],"wp:attachment":[{"href":"https:\/\/tenerife-flowers-online.com\/pl\/wp-json\/wp\/v2\/media?parent=5299"}],"wp:term":[{"taxonomy":"product_cat","embeddable":true,"href":"https:\/\/tenerife-flowers-online.com\/pl\/wp-json\/wp\/v2\/product_cat?post=5299"},{"taxonomy":"product_tag","embeddable":true,"href":"https:\/\/tenerife-flowers-online.com\/pl\/wp-json\/wp\/v2\/product_tag?post=5299"}],"curies":[{"name":"wp","href":"https:\/\/api.w.org\/{rel}","templated":true}]}}