{"id":5284,"date":"2024-10-08T14:27:21","date_gmt":"2024-10-08T12:27:21","guid":{"rendered":"https:\/\/tenerife-flowers-online.com\/producto\/oddzial-3\/"},"modified":"2025-02-05T16:10:56","modified_gmt":"2025-02-05T15:10:56","slug":"bukiet-3","status":"publish","type":"product","link":"https:\/\/tenerife-flowers-online.com\/pl\/producto\/bukiet-3\/","title":{"rendered":"Bukiet z r\u00f3\u017cowymi r\u00f3\u017cami, liliami, go\u017adzikami i chryzantemami"},"content":{"rendered":"<p>W centrum bukietu znajduj\u0105 si\u0119 srebrne ozdobne li\u015bcie, kt\u00f3re dodaj\u0105 blasku, a tak\u017ce ma\u0142e ozdobne detale, takie jak ma\u0142e bia\u0142e pere\u0142ki mi\u0119dzy kwiatami. Bukiet jest owini\u0119ty p\u00f3\u0142przezroczystym r\u00f3\u017cowym papierem, kt\u00f3ry ma r\u00f3wnie\u017c holograficzny po\u0142ysk, nadaj\u0105c mu nowoczesny i niepowtarzalny wygl\u0105d. Dodatkiem jest delikatna kokarda z r\u00f3\u017cowej wst\u0105\u017cki, kt\u00f3ra podkre\u015bla romantyczny charakter ca\u0142o\u015bci. Ziele\u0144 li\u015bci paproci dope\u0142nia kompozycj\u0119, dodaj\u0105c naturalnego akcentu, kt\u00f3ry kontrastuje z intensywnymi kolorami kwiat\u00f3w. To idealna propozycja na wyj\u0105tkow\u0105 okazj\u0119, pe\u0142na elegancji i blasku!<\/p>\n","protected":false},"excerpt":{"rendered":"<p>Ten bukiet jest bardzo elegancki i spektakularny! Sk\u0142ada si\u0119 z g\u0142\u0119boko r\u00f3\u017cowych r\u00f3\u017c, kt\u00f3re s\u0105 g\u0142\u00f3wnym elementem kompozycji, otoczonych chryzantemami w jasnor\u00f3\u017cowych pastelowych odcieniach.<\/p>\n","protected":false},"featured_media":5511,"template":"","meta":{"_acf_changed":false},"product_cat":[77,82,80],"product_tag":[],"class_list":{"0":"post-5284","1":"product","2":"type-product","3":"status-publish","4":"has-post-thumbnail","6":"product_cat-bukiety","7":"product_cat-specjalne-uroczystosci","8":"product_cat-urodziny","10":"first","11":"outofstock","12":"shipping-taxable","13":"purchasable","14":"product-type-variable"},"acf":[],"_links":{"self":[{"href":"https:\/\/tenerife-flowers-online.com\/pl\/wp-json\/wp\/v2\/product\/5284"}],"collection":[{"href":"https:\/\/tenerife-flowers-online.com\/pl\/wp-json\/wp\/v2\/product"}],"about":[{"href":"https:\/\/tenerife-flowers-online.com\/pl\/wp-json\/wp\/v2\/types\/product"}],"wp:featuredmedia":[{"embeddable":true,"href":"https:\/\/tenerife-flowers-online.com\/pl\/wp-json\/wp\/v2\/media\/5511"}],"wp:attachment":[{"href":"https:\/\/tenerife-flowers-online.com\/pl\/wp-json\/wp\/v2\/media?parent=5284"}],"wp:term":[{"taxonomy":"product_cat","embeddable":true,"href":"https:\/\/tenerife-flowers-online.com\/pl\/wp-json\/wp\/v2\/product_cat?post=5284"},{"taxonomy":"product_tag","embeddable":true,"href":"https:\/\/tenerife-flowers-online.com\/pl\/wp-json\/wp\/v2\/product_tag?post=5284"}],"curies":[{"name":"wp","href":"https:\/\/api.w.org\/{rel}","templated":true}]}}