{"id":5326,"date":"2021-08-02T11:37:55","date_gmt":"2021-08-02T10:37:55","guid":{"rendered":"https:\/\/tenerife-flowers-online.com\/politica-de-privacidad\/"},"modified":"2026-04-16T15:14:13","modified_gmt":"2026-04-16T14:14:13","slug":"politica-de-privacidad","status":"publish","type":"page","link":"https:\/\/tenerife-flowers-online.com\/pl\/politica-de-privacidad\/","title":{"rendered":"Polityka prywatno\u015bci"},"content":{"rendered":"\n<div class=\"wp-block-group\"><div class=\"wp-block-group__inner-container is-layout-constrained wp-block-group-is-layout-constrained\">\n<h2>Pol\u00edtica de privacidad<\/h2>\n<ol start=\"1\">\n<li>El sitio no recopila autom\u00e1ticamente ninguna informaci\u00f3n, excepto la contenida en las cookies.<\/li>\n<li>Las cookies son datos inform\u00e1ticos, en particular archivos de texto, que se almacenan en el dispositivo final del Usuario del Sitio y est\u00e1n destinados a utilizar las p\u00e1ginas web del Sitio. Las cookies suelen contener el nombre de la p\u00e1gina web de la que proceden, el tiempo de almacenamiento en el dispositivo final y un n\u00famero \u00fanico. <\/li>\n<li>La entidad que coloca las cookies en el dispositivo final del Usuario del Sitio y obtiene acceso a ellas es el operador del Sitio \u2026 [nombre de la entidad] con domicilio en \u2026.<\/li>\n<li>Las cookies se utilizan para:<\/li>\n<\/ol>\n<ul>\n<li>adaptar el contenido de las p\u00e1ginas web del Sitio a las preferencias del Usuario y optimizar el uso de las p\u00e1ginas web; en particular, estos archivos permiten reconocer el dispositivo del Usuario del Sitio y mostrar adecuadamente la p\u00e1gina web, adaptada a sus necesidades individuales;<\/li>\n<li>crear estad\u00edsticas que ayuden a comprender c\u00f3mo los Usuarios del Sitio utilizan las p\u00e1ginas web, lo que permite mejorar su estructura y contenido;<\/li>\n<li>mantener la sesi\u00f3n del Usuario del Sitio (despu\u00e9s de iniciar sesi\u00f3n), gracias a lo cual el Usuario no tiene que volver a introducir el nombre de usuario y la contrase\u00f1a en cada subp\u00e1gina del Sitio;<\/li>\n<\/ul>\n<ol start=\"5\">\n<li>En el Sitio se utilizan dos tipos principales de cookies: &#8222;de sesi\u00f3n&#8221; (<i>session cookies<\/i>) y &#8222;persistentes&#8221; (<i>persistent cookies<\/i>). Las cookies &#8222;de sesi\u00f3n&#8221; son archivos temporales que se almacenan en el dispositivo final del Usuario hasta que cierre sesi\u00f3n, abandone la p\u00e1gina web o cierre el software (navegador web). Las cookies &#8222;persistentes&#8221; se almacenan en el dispositivo final del Usuario durante el tiempo especificado en los par\u00e1metros de las cookies o hasta que el Usuario las elimine.  <\/li>\n<li>En el Sitio se utilizan los siguientes tipos de cookies:<\/li>\n<\/ol>\n<ul>\n<li>cookies &#8222;necesarias&#8221;, que permiten utilizar los servicios disponibles en el Sitio, por ejemplo, cookies de autenticaci\u00f3n utilizadas para servicios que requieren autenticaci\u00f3n en el Sitio; <\/li>\n<li>cookies utilizadas para garantizar la seguridad, por ejemplo, utilizadas para detectar abusos en el \u00e1mbito de la autenticaci\u00f3n en el Sitio; <\/li>\n<li>cookies &#8222;de rendimiento&#8221;, que permiten recopilar informaci\u00f3n sobre c\u00f3mo se utilizan las p\u00e1ginas web del Sitio;<\/li>\n<li>cookies &#8222;funcionales&#8221;, que permiten &#8222;recordar&#8221; la configuraci\u00f3n seleccionada por el Usuario y personalizar la interfaz del Usuario, por ejemplo, en cuanto al idioma seleccionado o la regi\u00f3n de la que procede el Usuario, el tama\u00f1o de la fuente, el aspecto de la p\u00e1gina web, etc.; <\/li>\n<li>cookies &#8222;publicitarias&#8221;, que permiten ofrecer a los Usuarios contenido publicitario m\u00e1s adaptado a sus intereses.<\/li>\n<\/ul>\n<ol start=\"7\">\n<li>En muchos casos, el software utilizado para navegar por las p\u00e1ginas web (navegador web) permite por defecto el almacenamiento de cookies en el dispositivo final del Usuario. Los Usuarios del Sitio pueden cambiar la configuraci\u00f3n de las cookies en cualquier momento. Esta configuraci\u00f3n se puede cambiar, en particular, de manera que bloquee el manejo autom\u00e1tico de cookies en la configuraci\u00f3n del navegador web o informe sobre cada colocaci\u00f3n de cookies en el dispositivo del Usuario del Sitio. Encontrar\u00e1s informaci\u00f3n detallada sobre la posibilidad y las formas de gestionar las cookies en la configuraci\u00f3n del software (navegador web).   <\/li>\n<li>El Operador del Sitio informa de que las restricciones en el uso de cookies pueden afectar a algunas funcionalidades disponibles en las p\u00e1ginas web del Sitio.<\/li>\n<li>Las cookies colocadas en el dispositivo final del Usuario del Sitio tambi\u00e9n pueden ser utilizadas por anunciantes y socios que colaboran con el operador del Sitio.<\/li>\n<li>Encontrar\u00e1s m\u00e1s informaci\u00f3n sobre las cookies en la direcci\u00f3n \u2026\u2026\u2026\u2026\u2026\u2026\u2026\u2026.\u2026 o en la secci\u00f3n &#8222;Ayuda&#8221; del men\u00fa del navegador web.<\/li>\n<\/ol>\n<p><strong style=\"font-size: revert; color: initial;\">La fuente de la pol\u00edtica de privacidad proviene de la p\u00e1gina <a class=\"link\" href=\"http:\/\/wszystkoociasteczkach.pl\/\" target=\"_blank\" rel=\"nofollow noopener\">wszystkoociasteczkach.pl<\/a><\/strong><\/p>\n<\/div><\/div>\n","protected":false},"excerpt":{"rendered":"<p>Pol\u00edtica de privacidad El sitio no recopila autom\u00e1ticamente ninguna informaci\u00f3n, excepto la contenida en las cookies. Las cookies son datos inform\u00e1ticos, en particular archivos de texto, que se almacenan en el dispositivo final del Usuario del Sitio y est\u00e1n destinados a utilizar las p\u00e1ginas web del Sitio. Las cookies suelen contener el nombre de la [&hellip;]<\/p>\n","protected":false},"author":1,"featured_media":0,"parent":0,"menu_order":0,"comment_status":"closed","ping_status":"closed","template":"template-parts\/policy-privacy-page.php","meta":{"_acf_changed":false,"footnotes":""},"class_list":["post-5326","page","type-page","status-publish","hentry"],"acf":[],"_links":{"self":[{"href":"https:\/\/tenerife-flowers-online.com\/pl\/wp-json\/wp\/v2\/pages\/5326","targetHints":{"allow":["GET"]}}],"collection":[{"href":"https:\/\/tenerife-flowers-online.com\/pl\/wp-json\/wp\/v2\/pages"}],"about":[{"href":"https:\/\/tenerife-flowers-online.com\/pl\/wp-json\/wp\/v2\/types\/page"}],"author":[{"embeddable":true,"href":"https:\/\/tenerife-flowers-online.com\/pl\/wp-json\/wp\/v2\/users\/1"}],"replies":[{"embeddable":true,"href":"https:\/\/tenerife-flowers-online.com\/pl\/wp-json\/wp\/v2\/comments?post=5326"}],"version-history":[{"count":2,"href":"https:\/\/tenerife-flowers-online.com\/pl\/wp-json\/wp\/v2\/pages\/5326\/revisions"}],"predecessor-version":[{"id":5704,"href":"https:\/\/tenerife-flowers-online.com\/pl\/wp-json\/wp\/v2\/pages\/5326\/revisions\/5704"}],"wp:attachment":[{"href":"https:\/\/tenerife-flowers-online.com\/pl\/wp-json\/wp\/v2\/media?parent=5326"}],"curies":[{"name":"wp","href":"https:\/\/api.w.org\/{rel}","templated":true}]}}