{"id":5642,"date":"2026-04-16T13:16:25","date_gmt":"2026-04-16T12:16:25","guid":{"rendered":"https:\/\/tenerife-flowers-online.com\/producto\/klassischer-und-eleganter-strauss-aus-weissen-rosen\/"},"modified":"2026-04-16T13:16:25","modified_gmt":"2026-04-16T12:16:25","slug":"klassischer-und-eleganter-strauss-aus-weissen-rosen","status":"publish","type":"product","link":"https:\/\/tenerife-flowers-online.com\/de\/producto\/klassischer-und-eleganter-strauss-aus-weissen-rosen\/","title":{"rendered":"Klassischer und eleganter Strau\u00df aus wei\u00dfen Rosen"},"content":{"rendered":"<p>Ein zarter und anmutiger Strau\u00df aus wei\u00dfen Rosen, umgeben von zarter Schleierkraut, symbolisiert Reinheit, Unschuld und Eleganz. Er ist perfekt f\u00fcr eine Hochzeit, eine Taufe oder als eine besondere Geste, die Respekt und Bewunderung ausdr\u00fcckt. <\/p>\n<p>Jede Rose in dieser Komposition strahlt Ruhe und Harmonie aus, und die leichte, wei\u00dfe Verpackung verleiht Zartheit. Das gesamte Arrangement, zart mit einem hellen Band gebunden, schafft einen idealen Strau\u00df f\u00fcr besondere Anl\u00e4sse, wenn Sie die Sch\u00f6nheit der Einfachheit und Klasse hervorheben m\u00f6chten. <\/p>\n<div>\n<h3 class=\"title-3\">R\u00fcckgaben und Reklamationen<\/h3>\n<p>Aufgrund der Personalisierung Ihrer Bestellung sind Produkte, die auf besonderen Wunsch angefertigt wurden, von R\u00fcckgabe und Reklamation ausgeschlossen.<\/p>\n<\/div>\n","protected":false},"excerpt":{"rendered":"<p>Ein zarter und anmutiger Strau\u00df aus wei\u00dfen Rosen, umgeben von zarter Schleierkraut, symbolisiert Reinheit, Unschuld und Eleganz. Er ist perfekt f\u00fcr eine Hochzeit, eine Taufe oder als eine besondere Geste, die Respekt und Bewunderung ausdr\u00fcckt. Jede Rose in dieser Komposition strahlt Ruhe und Harmonie aus, und die leichte, wei\u00dfe Verpackung verleiht Zartheit. Das gesamte Arrangement, [&hellip;]<\/p>\n","protected":false},"featured_media":5527,"template":"","meta":{"_acf_changed":false},"product_brand":[],"product_cat":[111,92,121],"product_tag":[],"class_list":{"0":"post-5642","1":"product","2":"type-product","3":"status-publish","4":"has-post-thumbnail","6":"product_cat-jahrestag","7":"product_cat-anlasse","8":"product_cat-hochzeit","10":"first","11":"instock","12":"shipping-taxable","13":"purchasable","14":"product-type-variable","15":"has-default-attributes"},"acf":[],"_links":{"self":[{"href":"https:\/\/tenerife-flowers-online.com\/de\/wp-json\/wp\/v2\/product\/5642","targetHints":{"allow":["GET"]}}],"collection":[{"href":"https:\/\/tenerife-flowers-online.com\/de\/wp-json\/wp\/v2\/product"}],"about":[{"href":"https:\/\/tenerife-flowers-online.com\/de\/wp-json\/wp\/v2\/types\/product"}],"wp:featuredmedia":[{"embeddable":true,"href":"https:\/\/tenerife-flowers-online.com\/de\/wp-json\/wp\/v2\/media\/5527"}],"wp:attachment":[{"href":"https:\/\/tenerife-flowers-online.com\/de\/wp-json\/wp\/v2\/media?parent=5642"}],"wp:term":[{"taxonomy":"product_brand","embeddable":true,"href":"https:\/\/tenerife-flowers-online.com\/de\/wp-json\/wp\/v2\/product_brand?post=5642"},{"taxonomy":"product_cat","embeddable":true,"href":"https:\/\/tenerife-flowers-online.com\/de\/wp-json\/wp\/v2\/product_cat?post=5642"},{"taxonomy":"product_tag","embeddable":true,"href":"https:\/\/tenerife-flowers-online.com\/de\/wp-json\/wp\/v2\/product_tag?post=5642"}],"curies":[{"name":"wp","href":"https:\/\/api.w.org\/{rel}","templated":true}]}}