{"id":5630,"date":"2026-04-16T13:03:17","date_gmt":"2026-04-16T12:03:17","guid":{"rendered":"https:\/\/tenerife-flowers-online.com\/producto\/strauss-aus-weissen-rosen-nelken-und-chrysanthemen\/"},"modified":"2026-04-16T13:03:17","modified_gmt":"2026-04-16T12:03:17","slug":"strauss-aus-weissen-rosen-nelken-und-chrysanthemen","status":"publish","type":"product","link":"https:\/\/tenerife-flowers-online.com\/de\/producto\/strauss-aus-weissen-rosen-nelken-und-chrysanthemen\/","title":{"rendered":"Strau\u00df aus wei\u00dfen Rosen, Nelken und Chrysanthemen"},"content":{"rendered":"<p>Der pr\u00e4sentierte Strau\u00df besteht aus wei\u00dfen Bl\u00fcten von Rosen, Chrysanthemen, Nelken und wei\u00dfem Schleierkraut, die eine wundersch\u00f6ne Kombination aus Frische, Reinheit und Luxus bilden. Er ist in dekorativen wei\u00dfen T\u00fcll geh\u00fcllt, verziert mit Perlen und kleinen Perlensteinchen, die direkt in die Bl\u00fcten eingearbeitet sind, alles zusammengebunden mit einer spektakul\u00e4ren Schleife. <\/p>\n<p>Er ist perfekt f\u00fcr Geburtstage, Jubil\u00e4en und Danksagungen! Die gesamte Komposition gleicht einem kostbaren Schmuckst\u00fcck. Reine Magie\u2026  <\/p>\n<div>\n<h3 class=\"title-3\">R\u00fcckgaben und Reklamationen<\/h3>\n<p>Aufgrund der Personalisierung Ihrer Bestellung sind Produkte, die auf besonderen Wunsch angefertigt wurden, von R\u00fcckgabe und Reklamation ausgeschlossen.<\/p>\n<\/div>\n","protected":false},"excerpt":{"rendered":"<p>Der pr\u00e4sentierte Strau\u00df besteht aus wei\u00dfen Bl\u00fcten von Rosen, Chrysanthemen, Nelken und wei\u00dfem Schleierkraut, die eine wundersch\u00f6ne Kombination aus Frische, Reinheit und Luxus bilden. Er ist in dekorativen wei\u00dfen T\u00fcll geh\u00fcllt, verziert mit Perlen und kleinen Perlensteinchen, die direkt in die Bl\u00fcten eingearbeitet sind, alles zusammengebunden mit einer spektakul\u00e4ren Schleife. Er ist perfekt f\u00fcr Geburtstage, [&hellip;]<\/p>\n","protected":false},"featured_media":5469,"template":"","meta":{"_acf_changed":false},"product_brand":[],"product_cat":[119,94],"product_tag":[],"class_list":{"0":"post-5630","1":"product","2":"type-product","3":"status-publish","4":"has-post-thumbnail","6":"product_cat-danksagungen","7":"product_cat-geburtstage","9":"first","10":"instock","11":"shipping-taxable","12":"purchasable","13":"product-type-variable","14":"has-default-attributes"},"acf":[],"_links":{"self":[{"href":"https:\/\/tenerife-flowers-online.com\/de\/wp-json\/wp\/v2\/product\/5630","targetHints":{"allow":["GET"]}}],"collection":[{"href":"https:\/\/tenerife-flowers-online.com\/de\/wp-json\/wp\/v2\/product"}],"about":[{"href":"https:\/\/tenerife-flowers-online.com\/de\/wp-json\/wp\/v2\/types\/product"}],"wp:featuredmedia":[{"embeddable":true,"href":"https:\/\/tenerife-flowers-online.com\/de\/wp-json\/wp\/v2\/media\/5469"}],"wp:attachment":[{"href":"https:\/\/tenerife-flowers-online.com\/de\/wp-json\/wp\/v2\/media?parent=5630"}],"wp:term":[{"taxonomy":"product_brand","embeddable":true,"href":"https:\/\/tenerife-flowers-online.com\/de\/wp-json\/wp\/v2\/product_brand?post=5630"},{"taxonomy":"product_cat","embeddable":true,"href":"https:\/\/tenerife-flowers-online.com\/de\/wp-json\/wp\/v2\/product_cat?post=5630"},{"taxonomy":"product_tag","embeddable":true,"href":"https:\/\/tenerife-flowers-online.com\/de\/wp-json\/wp\/v2\/product_tag?post=5630"}],"curies":[{"name":"wp","href":"https:\/\/api.w.org\/{rel}","templated":true}]}}