{"id":5610,"date":"2026-04-16T11:35:32","date_gmt":"2026-04-16T10:35:32","guid":{"rendered":"https:\/\/tenerife-flowers-online.com\/producto\/strauss-mit-lilien-und-nelken\/"},"modified":"2026-04-16T11:35:32","modified_gmt":"2026-04-16T10:35:32","slug":"strauss-mit-lilien-und-nelken","status":"publish","type":"product","link":"https:\/\/tenerife-flowers-online.com\/de\/producto\/strauss-mit-lilien-und-nelken\/","title":{"rendered":"Strau\u00df mit Lilien und Nelken"},"content":{"rendered":"<p>Dieser Strau\u00df besticht durch seinen ausdrucksstarken und eleganten Charakter, dank der Kombination aus Kontrastfarben und zarten Bl\u00fcten. Es dominieren wei\u00dfe Lilien, die Reinheit und Unschuld symbolisieren, sowie rote Nelken als Symbol f\u00fcr Liebe und Leidenschaft. Ein Hauch von Bl\u00fcten in Violett-Rosa verleiht der Komposition zus\u00e4tzliche Sanftheit.  <\/p>\n<div class=\"flex-shrink-0 flex flex-col relative items-end\">\n<div>\n<div class=\"pt-0\">\n<div class=\"gizmo-bot-avatar flex h-8 w-8 items-center justify-center overflow-hidden rounded-full\">\n<div class=\"relative p-1 rounded-sm flex items-center justify-center bg-token-main-surface-primary text-token-text-primary h-8 w-8\">Silberne Dekobl\u00e4tter dienen erneut als gl\u00e4nzender Schmuck und verleihen dem Arrangement einen Hauch von Glanz. Die Blumen sind in halbtransparentes rotes Papier geh\u00fcllt, das die intensive F\u00e4rbung der roten Bl\u00fcten wunderbar unterstreicht. Das Ganze ist mit einer zarten wei\u00dfen Schleife gebunden, was f\u00fcr ein elegantes und gepflegtes Finish sorgt. Dieser Strau\u00df ist ein Blickfang und ideal f\u00fcr Anl\u00e4sse, die einen starken emotionalen Ausdruck erfordern, wie Jahrestage, Valentinstag oder besondere Ereignisse. Ein zus\u00e4tzlicher Pluspunkt ist die enthaltene Glasvase, die eine beeindruckende Pr\u00e4sentation erm\u00f6glicht.    <\/div>\n<\/div>\n<\/div>\n<\/div>\n<\/div>\n<div>\n<h3 class=\"title-3\">R\u00fcckgaben und Reklamationen<\/h3>\n<p>Aufgrund der Personalisierung Ihrer Bestellung sind Produkte, die auf besonderen Wunsch angefertigt wurden, von R\u00fcckgabe und Reklamation ausgeschlossen.<\/p>\n<\/div>\n","protected":false},"excerpt":{"rendered":"<p>Dieser Strau\u00df besticht durch seinen ausdrucksstarken und eleganten Charakter, dank der Kombination aus Kontrastfarben und zarten Bl\u00fcten. Es dominieren wei\u00dfe Lilien, die Reinheit und Unschuld symbolisieren, sowie rote Nelken als Symbol f\u00fcr Liebe und Leidenschaft. Ein Hauch von Bl\u00fcten in Violett-Rosa verleiht der Komposition zus\u00e4tzliche Sanftheit. Silberne Dekobl\u00e4tter dienen erneut als gl\u00e4nzender Schmuck und verleihen [&hellip;]<\/p>\n","protected":false},"featured_media":5414,"template":"","meta":{"_acf_changed":false},"product_brand":[],"product_cat":[111,92,93,94],"product_tag":[],"class_list":{"0":"post-5610","1":"product","2":"type-product","3":"status-publish","4":"has-post-thumbnail","6":"product_cat-jahrestag","7":"product_cat-anlasse","8":"product_cat-besondere-feierlichkeiten","9":"product_cat-geburtstage","11":"first","12":"instock","13":"shipping-taxable","14":"purchasable","15":"product-type-variable","16":"has-default-attributes"},"acf":[],"_links":{"self":[{"href":"https:\/\/tenerife-flowers-online.com\/de\/wp-json\/wp\/v2\/product\/5610","targetHints":{"allow":["GET"]}}],"collection":[{"href":"https:\/\/tenerife-flowers-online.com\/de\/wp-json\/wp\/v2\/product"}],"about":[{"href":"https:\/\/tenerife-flowers-online.com\/de\/wp-json\/wp\/v2\/types\/product"}],"wp:featuredmedia":[{"embeddable":true,"href":"https:\/\/tenerife-flowers-online.com\/de\/wp-json\/wp\/v2\/media\/5414"}],"wp:attachment":[{"href":"https:\/\/tenerife-flowers-online.com\/de\/wp-json\/wp\/v2\/media?parent=5610"}],"wp:term":[{"taxonomy":"product_brand","embeddable":true,"href":"https:\/\/tenerife-flowers-online.com\/de\/wp-json\/wp\/v2\/product_brand?post=5610"},{"taxonomy":"product_cat","embeddable":true,"href":"https:\/\/tenerife-flowers-online.com\/de\/wp-json\/wp\/v2\/product_cat?post=5610"},{"taxonomy":"product_tag","embeddable":true,"href":"https:\/\/tenerife-flowers-online.com\/de\/wp-json\/wp\/v2\/product_tag?post=5610"}],"curies":[{"name":"wp","href":"https:\/\/api.w.org\/{rel}","templated":true}]}}