{"id":5594,"date":"2026-04-16T13:08:44","date_gmt":"2026-04-16T12:08:44","guid":{"rendered":"https:\/\/tenerife-flowers-online.com\/producto\/individueller-strauss-mit-roten-rosen-und-ferrero\/"},"modified":"2026-04-16T13:08:44","modified_gmt":"2026-04-16T12:08:44","slug":"individueller-strauss-mit-roten-rosen-und-ferrero","status":"publish","type":"product","link":"https:\/\/tenerife-flowers-online.com\/de\/producto\/individueller-strauss-mit-roten-rosen-und-ferrero\/","title":{"rendered":"Individueller Strau\u00df mit roten Rosen und Ferrero"},"content":{"rendered":"<p>Rote Rosen: Dieser originelle, kegelf\u00f6rmige Strau\u00df mit einer Widmung in goldener Schrift ist ein einzigartiges Geschenk, und die s\u00fc\u00dfen Ferrero-Herzen verst\u00e4rken den magischen Effekt nur noch. Rote Rosen gelten seit Jahrhunderten als Blumen der Leidenschaft, des Verlangens und der Liebe. Pralinen waren schon immer eine wunderbare Erg\u00e4nzung.  <\/p>\n<p>Das perfekte Geschenk zum Valentinstag, zum Jahrestag oder zum Geburtstag eines geliebten Menschen. Eleganz und Luxus: Unsere Str\u00e4u\u00dfe aus roten Rosen sind der Inbegriff von Eleganz. Die tiefe, intensive Farbe der Bl\u00fcten unterstreicht ihre Einzigartigkeit und macht jeden Moment noch besonderer.  <\/p>\n<div>\n<h3 class=\"title-3\">R\u00fcckgaben und Reklamationen<\/h3>\n<p>Aufgrund der Personalisierung Ihrer Bestellung sind Produkte, die auf besonderen Wunsch angefertigt wurden, von R\u00fcckgabe und Reklamation ausgeschlossen.<\/p>\n<\/div>\n","protected":false},"excerpt":{"rendered":"<p>Rote Rosen: Dieser originelle, kegelf\u00f6rmige Strau\u00df mit einer Widmung in goldener Schrift ist ein einzigartiges Geschenk, und die s\u00fc\u00dfen Ferrero-Herzen verst\u00e4rken den magischen Effekt nur noch. Rote Rosen gelten seit Jahrhunderten als Blumen der Leidenschaft, des Verlangens und der Liebe. Pralinen waren schon immer eine wunderbare Erg\u00e4nzung. Das perfekte Geschenk zum Valentinstag, zum Jahrestag oder [&hellip;]<\/p>\n","protected":false},"featured_media":5490,"template":"","meta":{"_acf_changed":false},"product_brand":[],"product_cat":[111,94,95],"product_tag":[],"class_list":{"0":"post-5594","1":"product","2":"type-product","3":"status-publish","4":"has-post-thumbnail","6":"product_cat-jahrestag","7":"product_cat-geburtstage","8":"product_cat-valentinstag","10":"first","11":"instock","12":"shipping-taxable","13":"purchasable","14":"product-type-variable","15":"has-default-attributes"},"acf":[],"_links":{"self":[{"href":"https:\/\/tenerife-flowers-online.com\/de\/wp-json\/wp\/v2\/product\/5594","targetHints":{"allow":["GET"]}}],"collection":[{"href":"https:\/\/tenerife-flowers-online.com\/de\/wp-json\/wp\/v2\/product"}],"about":[{"href":"https:\/\/tenerife-flowers-online.com\/de\/wp-json\/wp\/v2\/types\/product"}],"wp:featuredmedia":[{"embeddable":true,"href":"https:\/\/tenerife-flowers-online.com\/de\/wp-json\/wp\/v2\/media\/5490"}],"wp:attachment":[{"href":"https:\/\/tenerife-flowers-online.com\/de\/wp-json\/wp\/v2\/media?parent=5594"}],"wp:term":[{"taxonomy":"product_brand","embeddable":true,"href":"https:\/\/tenerife-flowers-online.com\/de\/wp-json\/wp\/v2\/product_brand?post=5594"},{"taxonomy":"product_cat","embeddable":true,"href":"https:\/\/tenerife-flowers-online.com\/de\/wp-json\/wp\/v2\/product_cat?post=5594"},{"taxonomy":"product_tag","embeddable":true,"href":"https:\/\/tenerife-flowers-online.com\/de\/wp-json\/wp\/v2\/product_tag?post=5594"}],"curies":[{"name":"wp","href":"https:\/\/api.w.org\/{rel}","templated":true}]}}