{"id":5578,"date":"2026-04-16T12:47:16","date_gmt":"2026-04-16T11:47:16","guid":{"rendered":"https:\/\/tenerife-flowers-online.com\/producto\/pastellstrauss-mit-rosen-lilien-nelken-und-chrysanthemen\/"},"modified":"2026-04-16T12:47:16","modified_gmt":"2026-04-16T11:47:16","slug":"pastellstrauss-mit-rosen-lilien-nelken-und-chrysanthemen","status":"publish","type":"product","link":"https:\/\/tenerife-flowers-online.com\/de\/producto\/pastellstrauss-mit-rosen-lilien-nelken-und-chrysanthemen\/","title":{"rendered":"Pastellstrau\u00df mit Rosen, Lilien, Nelken und Chrysanthemen"},"content":{"rendered":"<p>Dieser Strau\u00df in Teerosen-T\u00f6nen, mit Nelken und gelben Lilien, wird von orangefarbener Schleierkraut-Paniculata zusammengehalten \u2013 alles in den Farben der Herbstsonne bei Sonnenuntergang.<\/p>\n<div class=\"flex-shrink-0 flex flex-col relative items-end\">\n<div>\n<div class=\"pt-0\">\n<div class=\"gizmo-bot-avatar flex h-8 w-8 items-center justify-center overflow-hidden rounded-full\">\n<div class=\"relative p-1 rounded-sm flex items-center justify-center bg-token-main-surface-primary text-token-text-primary h-8 w-8\">Der ideale Strau\u00df f\u00fcr Geburtstage, Namenstage oder einfach ohne Anlass. Die wundersch\u00f6nen warmen T\u00f6ne erweichen selbst die h\u00e4rtesten Herzen, und der zarte T\u00fcll verbindet die gesamte Komposition. Alles ist mit einer sch\u00f6nen rosa Schleife gebunden.<\/div>\n<\/div>\n<\/div>\n<\/div>\n<\/div>\n<div>\n<h3 class=\"title-3\">R\u00fcckgaben und Reklamationen<\/h3>\n<p>Aufgrund der Personalisierung Ihrer Bestellung sind Produkte, die auf besonderen Wunsch angefertigt wurden, von R\u00fcckgabe und Reklamation ausgeschlossen.<\/p>\n<\/div>\n","protected":false},"excerpt":{"rendered":"<p>Dieser Strau\u00df in Teerosen-T\u00f6nen, mit Nelken und gelben Lilien, wird von orangefarbener Schleierkraut-Paniculata zusammengehalten \u2013 alles in den Farben der Herbstsonne bei Sonnenuntergang. Der ideale Strau\u00df f\u00fcr Geburtstage, Namenstage oder einfach ohne Anlass. Die wundersch\u00f6nen warmen T\u00f6ne erweichen selbst die h\u00e4rtesten Herzen, und der zarte T\u00fcll verbindet die gesamte Komposition. Alles ist mit einer sch\u00f6nen [&hellip;]<\/p>\n","protected":false},"featured_media":5461,"template":"","meta":{"_acf_changed":false},"product_brand":[],"product_cat":[114,94],"product_tag":[],"class_list":{"0":"post-5578","1":"product","2":"type-product","3":"status-publish","4":"has-post-thumbnail","6":"product_cat-namenstag","7":"product_cat-geburtstage","9":"first","10":"instock","11":"shipping-taxable","12":"purchasable","13":"product-type-variable","14":"has-default-attributes"},"acf":[],"_links":{"self":[{"href":"https:\/\/tenerife-flowers-online.com\/de\/wp-json\/wp\/v2\/product\/5578","targetHints":{"allow":["GET"]}}],"collection":[{"href":"https:\/\/tenerife-flowers-online.com\/de\/wp-json\/wp\/v2\/product"}],"about":[{"href":"https:\/\/tenerife-flowers-online.com\/de\/wp-json\/wp\/v2\/types\/product"}],"wp:featuredmedia":[{"embeddable":true,"href":"https:\/\/tenerife-flowers-online.com\/de\/wp-json\/wp\/v2\/media\/5461"}],"wp:attachment":[{"href":"https:\/\/tenerife-flowers-online.com\/de\/wp-json\/wp\/v2\/media?parent=5578"}],"wp:term":[{"taxonomy":"product_brand","embeddable":true,"href":"https:\/\/tenerife-flowers-online.com\/de\/wp-json\/wp\/v2\/product_brand?post=5578"},{"taxonomy":"product_cat","embeddable":true,"href":"https:\/\/tenerife-flowers-online.com\/de\/wp-json\/wp\/v2\/product_cat?post=5578"},{"taxonomy":"product_tag","embeddable":true,"href":"https:\/\/tenerife-flowers-online.com\/de\/wp-json\/wp\/v2\/product_tag?post=5578"}],"curies":[{"name":"wp","href":"https:\/\/api.w.org\/{rel}","templated":true}]}}