{"id":5558,"date":"2026-04-16T13:13:17","date_gmt":"2026-04-16T12:13:17","guid":{"rendered":"https:\/\/tenerife-flowers-online.com\/producto\/strauss-klassischer-roter-rosen-ich-liebe-sie\/"},"modified":"2026-04-16T13:13:17","modified_gmt":"2026-04-16T12:13:17","slug":"strauss-klassischer-roter-rosen-ich-liebe-sie","status":"publish","type":"product","link":"https:\/\/tenerife-flowers-online.com\/de\/producto\/strauss-klassischer-roter-rosen-ich-liebe-sie\/","title":{"rendered":"Strau\u00df klassischer roter Rosen \u2013 Ich liebe Sie"},"content":{"rendered":"<p>Dieser Strau\u00df roter Rosen ist die Quintessenz von Eleganz und intensiven Gef\u00fchlen. Er ist ein ideales Geschenk f\u00fcr Ihre Liebsten zum Valentinstag, einem Jahrestag oder jedem besonderen Anlass.<\/p>\n<p>Das tiefe Rot der Rosen symbolisiert Liebe und Leidenschaft, w\u00e4hrend die auff\u00e4llige schwarz-rote Verpackung der Komposition einen luxuri\u00f6sen Charakter verleiht. Die zarten gr\u00fcnen Bl\u00e4tter unterstreichen subtil die Sch\u00f6nheit der Blumen und schaffen eine perfekte Harmonie. Der gesamte Strau\u00df ist mit einem roten Band gebunden und ist die perfekte Art, tiefste Gef\u00fchle auszudr\u00fccken.<\/p>\n<div>\n<h3 class=\"title-3\">R\u00fcckgaben und Reklamationen<\/h3>\n<p>Aufgrund der Personalisierung Ihrer Bestellung sind Produkte, die auf besonderen Wunsch angefertigt wurden, von R\u00fcckgabe und Reklamation ausgeschlossen.<\/p>\n<\/div>\n<p>&nbsp;<\/p>\n","protected":false},"excerpt":{"rendered":"<p>Dieser Strau\u00df roter Rosen ist die Quintessenz von Eleganz und intensiven Gef\u00fchlen. Er ist ein ideales Geschenk f\u00fcr Ihre Liebsten zum Valentinstag, einem Jahrestag oder jedem besonderen Anlass. Das tiefe Rot der Rosen symbolisiert Liebe und Leidenschaft, w\u00e4hrend die auff\u00e4llige schwarz-rote Verpackung der Komposition einen luxuri\u00f6sen Charakter verleiht. Die zarten gr\u00fcnen Bl\u00e4tter unterstreichen subtil die [&hellip;]<\/p>\n","protected":false},"featured_media":5518,"template":"","meta":{"_acf_changed":false},"product_brand":[],"product_cat":[92,111,95],"product_tag":[],"class_list":{"0":"post-5558","1":"product","2":"type-product","3":"status-publish","4":"has-post-thumbnail","6":"product_cat-anlasse","7":"product_cat-jahrestag","8":"product_cat-valentinstag","10":"first","11":"instock","12":"shipping-taxable","13":"purchasable","14":"product-type-variable","15":"has-default-attributes"},"acf":[],"_links":{"self":[{"href":"https:\/\/tenerife-flowers-online.com\/de\/wp-json\/wp\/v2\/product\/5558","targetHints":{"allow":["GET"]}}],"collection":[{"href":"https:\/\/tenerife-flowers-online.com\/de\/wp-json\/wp\/v2\/product"}],"about":[{"href":"https:\/\/tenerife-flowers-online.com\/de\/wp-json\/wp\/v2\/types\/product"}],"wp:featuredmedia":[{"embeddable":true,"href":"https:\/\/tenerife-flowers-online.com\/de\/wp-json\/wp\/v2\/media\/5518"}],"wp:attachment":[{"href":"https:\/\/tenerife-flowers-online.com\/de\/wp-json\/wp\/v2\/media?parent=5558"}],"wp:term":[{"taxonomy":"product_brand","embeddable":true,"href":"https:\/\/tenerife-flowers-online.com\/de\/wp-json\/wp\/v2\/product_brand?post=5558"},{"taxonomy":"product_cat","embeddable":true,"href":"https:\/\/tenerife-flowers-online.com\/de\/wp-json\/wp\/v2\/product_cat?post=5558"},{"taxonomy":"product_tag","embeddable":true,"href":"https:\/\/tenerife-flowers-online.com\/de\/wp-json\/wp\/v2\/product_tag?post=5558"}],"curies":[{"name":"wp","href":"https:\/\/api.w.org\/{rel}","templated":true}]}}