{"id":5546,"date":"2026-04-16T13:18:46","date_gmt":"2026-04-16T12:18:46","guid":{"rendered":"https:\/\/tenerife-flowers-online.com\/producto\/strauss-in-warmen-gelbtoenen-mit-rosen-sonnenblumen-und-lilien\/"},"modified":"2026-04-16T13:18:46","modified_gmt":"2026-04-16T12:18:46","slug":"strauss-in-warmen-gelbtoenen-mit-rosen-sonnenblumen-und-lilien","status":"publish","type":"product","link":"https:\/\/tenerife-flowers-online.com\/de\/producto\/strauss-in-warmen-gelbtoenen-mit-rosen-sonnenblumen-und-lilien\/","title":{"rendered":"Strau\u00df in warmen Gelbt\u00f6nen mit Rosen, Sonnenblumen und Lilien"},"content":{"rendered":"<div class=\"woocommerce-product-details__short-description\">\n<p>Versch\u00f6nern Sie einem geliebten Menschen den Tag mit diesem strahlenden Strau\u00df in warmen Gelbt\u00f6nen. Die Komposition besteht aus gelben Rosen, Sonnenblumen und Lilien, die Freude, Freundschaft und positive Energie symbolisieren. <\/p>\n<\/div>\n<div class=\"box-delivery\">\n<p>Das zarte Schleierkraut verleiht Leichtigkeit, w\u00e4hrend das gr\u00fcne Blattwerk die intensiven Farben der Blumen hervorhebt. Alles eingeh\u00fcllt in elegantes Papier mit einer dezenten Schleife \u2013 ein perfekter Strau\u00df f\u00fcr jeden Anlass, bei dem Sie etwas Sonnenschein und ein L\u00e4cheln in das Leben eines Menschen bringen m\u00f6chten. <\/p>\n<div>\n<h3 class=\"title-3\">R\u00fcckgaben und Reklamationen<\/h3>\n<p>Aufgrund der Personalisierung Ihrer Bestellung sind Produkte, die auf besonderen Wunsch angefertigt wurden, von R\u00fcckgabe und Reklamation ausgeschlossen.<\/p>\n<\/div>\n<\/div>\n","protected":false},"excerpt":{"rendered":"<p>Versch\u00f6nern Sie einem geliebten Menschen den Tag mit diesem strahlenden Strau\u00df in warmen Gelbt\u00f6nen. Die Komposition besteht aus gelben Rosen, Sonnenblumen und Lilien, die Freude, Freundschaft und positive Energie symbolisieren. Das zarte Schleierkraut verleiht Leichtigkeit, w\u00e4hrend das gr\u00fcne Blattwerk die intensiven Farben der Blumen hervorhebt. Alles eingeh\u00fcllt in elegantes Papier mit einer dezenten Schleife \u2013 [&hellip;]<\/p>\n","protected":false},"featured_media":5547,"template":"","meta":{"_acf_changed":false},"product_brand":[],"product_cat":[92,94],"product_tag":[],"class_list":{"0":"post-5546","1":"product","2":"type-product","3":"status-publish","4":"has-post-thumbnail","6":"product_cat-anlasse","7":"product_cat-geburtstage","9":"first","10":"instock","11":"shipping-taxable","12":"purchasable","13":"product-type-variable","14":"has-default-attributes"},"acf":[],"_links":{"self":[{"href":"https:\/\/tenerife-flowers-online.com\/de\/wp-json\/wp\/v2\/product\/5546","targetHints":{"allow":["GET"]}}],"collection":[{"href":"https:\/\/tenerife-flowers-online.com\/de\/wp-json\/wp\/v2\/product"}],"about":[{"href":"https:\/\/tenerife-flowers-online.com\/de\/wp-json\/wp\/v2\/types\/product"}],"wp:featuredmedia":[{"embeddable":true,"href":"https:\/\/tenerife-flowers-online.com\/de\/wp-json\/wp\/v2\/media\/5547"}],"wp:attachment":[{"href":"https:\/\/tenerife-flowers-online.com\/de\/wp-json\/wp\/v2\/media?parent=5546"}],"wp:term":[{"taxonomy":"product_brand","embeddable":true,"href":"https:\/\/tenerife-flowers-online.com\/de\/wp-json\/wp\/v2\/product_brand?post=5546"},{"taxonomy":"product_cat","embeddable":true,"href":"https:\/\/tenerife-flowers-online.com\/de\/wp-json\/wp\/v2\/product_cat?post=5546"},{"taxonomy":"product_tag","embeddable":true,"href":"https:\/\/tenerife-flowers-online.com\/de\/wp-json\/wp\/v2\/product_tag?post=5546"}],"curies":[{"name":"wp","href":"https:\/\/api.w.org\/{rel}","templated":true}]}}