{"id":5350,"date":"2024-10-08T18:02:41","date_gmt":"2024-10-08T16:02:41","guid":{"rendered":"https:\/\/tenerife-flowers-online.com\/producto\/zweigstelle-8\/"},"modified":"2026-02-12T18:43:56","modified_gmt":"2026-02-12T17:43:56","slug":"zweigstelle-8","status":"publish","type":"product","link":"https:\/\/tenerife-flowers-online.com\/de\/producto\/zweigstelle-8\/","title":{"rendered":"Strau\u00df klassischer roter Rosen \u2013 Ich liebe dich"},"content":{"rendered":"<p>Das tiefe Rot der Rosen symbolisiert Liebe und Leidenschaft, w\u00e4hrend die auff\u00e4llige schwarz-rote Verpackung der Komposition einen luxuri\u00f6sen Charakter verleiht. Die zarten gr\u00fcnen Bl\u00e4tter unterstreichen die Sch\u00f6nheit der Blumen auf subtile Weise und schaffen eine perfekte Harmonie. Der gesamte Strau\u00df ist mit einer roten Schleife gebunden, die perfekte Art, die tiefsten Gef\u00fchle auszudr\u00fccken.<\/p>\n","protected":false},"excerpt":{"rendered":"<p>Dieser Strau\u00df roter Rosen ist die Quintessenz von Eleganz und intensiven Gef\u00fchlen. Er ist ein ideales Geschenk f\u00fcr Ihren Liebsten zum Valentinstag, einem Jahrestag oder einem anderen besonderen Anlass.<\/p>\n","protected":false},"featured_media":5542,"template":"","meta":{"_acf_changed":false},"product_cat":[88,73,83],"product_tag":[],"class_list":{"0":"post-5350","1":"product","2":"type-product","3":"status-publish","4":"has-post-thumbnail","6":"product_cat-jahrestag","7":"product_cat-straeusse","8":"product_cat-valentinstag","10":"first","11":"instock","12":"shipping-taxable","13":"purchasable","14":"product-type-variable"},"acf":[],"_links":{"self":[{"href":"https:\/\/tenerife-flowers-online.com\/de\/wp-json\/wp\/v2\/product\/5350"}],"collection":[{"href":"https:\/\/tenerife-flowers-online.com\/de\/wp-json\/wp\/v2\/product"}],"about":[{"href":"https:\/\/tenerife-flowers-online.com\/de\/wp-json\/wp\/v2\/types\/product"}],"wp:featuredmedia":[{"embeddable":true,"href":"https:\/\/tenerife-flowers-online.com\/de\/wp-json\/wp\/v2\/media\/5542"}],"wp:attachment":[{"href":"https:\/\/tenerife-flowers-online.com\/de\/wp-json\/wp\/v2\/media?parent=5350"}],"wp:term":[{"taxonomy":"product_cat","embeddable":true,"href":"https:\/\/tenerife-flowers-online.com\/de\/wp-json\/wp\/v2\/product_cat?post=5350"},{"taxonomy":"product_tag","embeddable":true,"href":"https:\/\/tenerife-flowers-online.com\/de\/wp-json\/wp\/v2\/product_tag?post=5350"}],"curies":[{"name":"wp","href":"https:\/\/api.w.org\/{rel}","templated":true}]}}