{"id":5338,"date":"2024-10-08T18:03:59","date_gmt":"2024-10-08T16:03:59","guid":{"rendered":"https:\/\/tenerife-flowers-online.com\/producto\/zweigstelle-9\/"},"modified":"2026-02-13T15:44:50","modified_gmt":"2026-02-13T14:44:50","slug":"zweigstelle-9","status":"publish","type":"product","link":"https:\/\/tenerife-flowers-online.com\/de\/producto\/zweigstelle-9\/","title":{"rendered":"Klassischer und eleganter Strau\u00df wei\u00dfer Rosen"},"content":{"rendered":"<p>Jede Rose in dieser Komposition strahlt Ruhe und Harmonie aus, und die leichte, wei\u00dfe Umh\u00fcllung verleiht ihr Zartheit. Das gesamte Ensemble, dezent mit einem durchsichtigen Band gebunden, ist ein idealer Strau\u00df f\u00fcr besondere Anl\u00e4sse, bei denen Sie die Sch\u00f6nheit von Einfachheit und Klasse hervorheben m\u00f6chten.<\/p>\n","protected":false},"excerpt":{"rendered":"<p>Ein subtiler und anmutiger Strau\u00df aus wei\u00dfen Rosen, umgeben von zarten Paniculata, symbolisiert Reinheit, Unschuld und Eleganz. Er ist perfekt f\u00fcr eine Hochzeit, Taufe oder als besondere Geste, die Respekt und Bewunderung ausdr\u00fcckt.<\/p>\n","protected":false},"featured_media":5546,"template":"","meta":{"_acf_changed":false},"product_cat":[94,88,73],"product_tag":[],"class_list":{"0":"post-5338","1":"product","2":"type-product","3":"status-publish","4":"has-post-thumbnail","6":"product_cat-hochzeit","7":"product_cat-jahrestag","8":"product_cat-straeusse","10":"first","11":"outofstock","12":"shipping-taxable","13":"purchasable","14":"product-type-variable"},"acf":[],"_links":{"self":[{"href":"https:\/\/tenerife-flowers-online.com\/de\/wp-json\/wp\/v2\/product\/5338"}],"collection":[{"href":"https:\/\/tenerife-flowers-online.com\/de\/wp-json\/wp\/v2\/product"}],"about":[{"href":"https:\/\/tenerife-flowers-online.com\/de\/wp-json\/wp\/v2\/types\/product"}],"wp:featuredmedia":[{"embeddable":true,"href":"https:\/\/tenerife-flowers-online.com\/de\/wp-json\/wp\/v2\/media\/5546"}],"wp:attachment":[{"href":"https:\/\/tenerife-flowers-online.com\/de\/wp-json\/wp\/v2\/media?parent=5338"}],"wp:term":[{"taxonomy":"product_cat","embeddable":true,"href":"https:\/\/tenerife-flowers-online.com\/de\/wp-json\/wp\/v2\/product_cat?post=5338"},{"taxonomy":"product_tag","embeddable":true,"href":"https:\/\/tenerife-flowers-online.com\/de\/wp-json\/wp\/v2\/product_tag?post=5338"}],"curies":[{"name":"wp","href":"https:\/\/api.w.org\/{rel}","templated":true}]}}