{"id":5326,"date":"2024-10-08T17:40:31","date_gmt":"2024-10-08T15:40:31","guid":{"rendered":"https:\/\/tenerife-flowers-online.com\/producto\/zweigstelle-5\/"},"modified":"2025-02-05T16:19:27","modified_gmt":"2025-02-05T15:19:27","slug":"zweigstelle-5","status":"publish","type":"product","link":"https:\/\/tenerife-flowers-online.com\/de\/producto\/zweigstelle-5\/","title":{"rendered":"Blumenstrau\u00df aus wei\u00dfen Rosen, Nelken &#038; Chrysanthemen"},"content":{"rendered":"<p>Perfekt f\u00fcr Geburtstage, Jahrestage und Danksagungen! Die gesamte Komposition selbst gleicht einem kostbaren Juwel. Pure Magie&#8230;<\/p>\n","protected":false},"excerpt":{"rendered":"<p>Der pr\u00e4sentierte Strau\u00df besteht aus wei\u00dfen Rosen, Chrysanthemen, Nelken und wei\u00dfen Paniculata, die eine wundersch\u00f6ne Kombination aus Frische, Reinheit und Luxus bilden. Eingeh\u00fcllt in einen dekorativen wei\u00dfen T\u00fcll, verziert mit Perlen und kleinen Perlenkieseln, die direkt in die Blumen eingearbeitet sind, und gebunden mit einer spektakul\u00e4ren Schleife.<\/p>\n","protected":false},"featured_media":5518,"template":"","meta":{"_acf_changed":false},"product_cat":[92,74,73],"product_tag":[],"class_list":{"0":"post-5326","1":"product","2":"type-product","3":"status-publish","4":"has-post-thumbnail","6":"product_cat-danksagung","7":"product_cat-geburtstag","8":"product_cat-straeusse","10":"first","11":"instock","12":"shipping-taxable","13":"purchasable","14":"product-type-variable"},"acf":[],"_links":{"self":[{"href":"https:\/\/tenerife-flowers-online.com\/de\/wp-json\/wp\/v2\/product\/5326"}],"collection":[{"href":"https:\/\/tenerife-flowers-online.com\/de\/wp-json\/wp\/v2\/product"}],"about":[{"href":"https:\/\/tenerife-flowers-online.com\/de\/wp-json\/wp\/v2\/types\/product"}],"wp:featuredmedia":[{"embeddable":true,"href":"https:\/\/tenerife-flowers-online.com\/de\/wp-json\/wp\/v2\/media\/5518"}],"wp:attachment":[{"href":"https:\/\/tenerife-flowers-online.com\/de\/wp-json\/wp\/v2\/media?parent=5326"}],"wp:term":[{"taxonomy":"product_cat","embeddable":true,"href":"https:\/\/tenerife-flowers-online.com\/de\/wp-json\/wp\/v2\/product_cat?post=5326"},{"taxonomy":"product_tag","embeddable":true,"href":"https:\/\/tenerife-flowers-online.com\/de\/wp-json\/wp\/v2\/product_tag?post=5326"}],"curies":[{"name":"wp","href":"https:\/\/api.w.org\/{rel}","templated":true}]}}