{"id":5315,"date":"2024-10-08T17:43:49","date_gmt":"2024-10-08T15:43:49","guid":{"rendered":"https:\/\/tenerife-flowers-online.com\/producto\/zweigstelle-6\/"},"modified":"2026-02-12T18:44:05","modified_gmt":"2026-02-12T17:44:05","slug":"zweigstelle-6","status":"publish","type":"product","link":"https:\/\/tenerife-flowers-online.com\/de\/producto\/zweigstelle-6\/","title":{"rendered":"Personalisierter Blumenstrau\u00df mit roten Rosen &#038; Ferrero-Pralinen"},"content":{"rendered":"<p>Er ist das perfekte Geschenk f\u00fcr den Valentinstag, einen Jahrestag oder den Geburtstag eines geliebten Menschen. Eleganz und Luxus: Unsere roten Rosenstr\u00e4u\u00dfe sind die Quintessenz der Eleganz. Die tiefe, intensive Farbe der Blumen unterstreicht ihre Einzigartigkeit und macht jeden Moment noch besonderer.<\/p>\n","protected":false},"excerpt":{"rendered":"<p>Rote Rosen: Dieser originelle kegelf\u00f6rmige Strau\u00df mit einer in Goldschrift geschriebenen Widmung ist ein einzigartiges Geschenk, und die s\u00fc\u00dfen Ferrero-Herzen verst\u00e4rken die ganze magische Wirkung noch. Rote Rosen gelten seit Jahrhunderten als die Blumen der Leidenschaft, des Verlangens und der Liebe. Pralinen waren schon immer eine wunderbare Erg\u00e4nzung.<\/p>\n","protected":false},"featured_media":5526,"template":"","meta":{"_acf_changed":false},"product_cat":[74,88,73,83],"product_tag":[],"class_list":{"0":"post-5315","1":"product","2":"type-product","3":"status-publish","4":"has-post-thumbnail","6":"product_cat-geburtstag","7":"product_cat-jahrestag","8":"product_cat-straeusse","9":"product_cat-valentinstag","11":"first","12":"instock","13":"shipping-taxable","14":"purchasable","15":"product-type-variable"},"acf":[],"_links":{"self":[{"href":"https:\/\/tenerife-flowers-online.com\/de\/wp-json\/wp\/v2\/product\/5315"}],"collection":[{"href":"https:\/\/tenerife-flowers-online.com\/de\/wp-json\/wp\/v2\/product"}],"about":[{"href":"https:\/\/tenerife-flowers-online.com\/de\/wp-json\/wp\/v2\/types\/product"}],"wp:featuredmedia":[{"embeddable":true,"href":"https:\/\/tenerife-flowers-online.com\/de\/wp-json\/wp\/v2\/media\/5526"}],"wp:attachment":[{"href":"https:\/\/tenerife-flowers-online.com\/de\/wp-json\/wp\/v2\/media?parent=5315"}],"wp:term":[{"taxonomy":"product_cat","embeddable":true,"href":"https:\/\/tenerife-flowers-online.com\/de\/wp-json\/wp\/v2\/product_cat?post=5315"},{"taxonomy":"product_tag","embeddable":true,"href":"https:\/\/tenerife-flowers-online.com\/de\/wp-json\/wp\/v2\/product_tag?post=5315"}],"curies":[{"name":"wp","href":"https:\/\/api.w.org\/{rel}","templated":true}]}}