{"id":5308,"date":"2024-10-08T17:37:11","date_gmt":"2024-10-08T15:37:11","guid":{"rendered":"https:\/\/tenerife-flowers-online.com\/producto\/zweigstelle-4\/"},"modified":"2025-03-02T21:23:14","modified_gmt":"2025-03-02T20:23:14","slug":"zweigstelle-4","status":"publish","type":"product","link":"https:\/\/tenerife-flowers-online.com\/de\/producto\/zweigstelle-4\/","title":{"rendered":"Zweigstelle 4"},"content":{"rendered":"<div class=\"flex-shrink-0 flex flex-col relative items-end\">\n<div>\n<div class=\"pt-0\">\n<div class=\"gizmo-bot-avatar flex h-8 w-8 items-center justify-center overflow-hidden rounded-full\">\n<div class=\"relative p-1 rounded-sm flex items-center justify-center bg-token-main-surface-primary text-token-text-primary h-8 w-8\">Der ideale Strau\u00df f\u00fcr Geburtstage, Heilige oder einfach nur so. Die sch\u00f6nen warmen T\u00f6ne erweichen das h\u00e4rteste Herz, und der zarte T\u00fcll bindet die ganze Komposition zusammen. Alles wird mit einem sch\u00f6nen rosa Band gebunden.  <\/div>\n<\/div>\n<\/div>\n<\/div>\n<\/div>\n","protected":false},"excerpt":{"rendered":"<p>Zu diesem Strau\u00df aus teefarbenen Rosen, Nelken und gelben Lilien gesellen sich orangefarbene Paniculata, alles in den Farben der Herbstsonne bei Sonnenuntergang.<\/p>\n","protected":false},"featured_media":5514,"template":"","meta":{"_acf_changed":false},"product_cat":[74,89,73],"product_tag":[],"class_list":{"0":"post-5308","1":"product","2":"type-product","3":"status-publish","4":"has-post-thumbnail","6":"product_cat-geburtstag","7":"product_cat-namenstag","8":"product_cat-straeusse","10":"first","11":"instock","12":"shipping-taxable","13":"purchasable","14":"product-type-variable"},"acf":[],"_links":{"self":[{"href":"https:\/\/tenerife-flowers-online.com\/de\/wp-json\/wp\/v2\/product\/5308"}],"collection":[{"href":"https:\/\/tenerife-flowers-online.com\/de\/wp-json\/wp\/v2\/product"}],"about":[{"href":"https:\/\/tenerife-flowers-online.com\/de\/wp-json\/wp\/v2\/types\/product"}],"wp:featuredmedia":[{"embeddable":true,"href":"https:\/\/tenerife-flowers-online.com\/de\/wp-json\/wp\/v2\/media\/5514"}],"wp:attachment":[{"href":"https:\/\/tenerife-flowers-online.com\/de\/wp-json\/wp\/v2\/media?parent=5308"}],"wp:term":[{"taxonomy":"product_cat","embeddable":true,"href":"https:\/\/tenerife-flowers-online.com\/de\/wp-json\/wp\/v2\/product_cat?post=5308"},{"taxonomy":"product_tag","embeddable":true,"href":"https:\/\/tenerife-flowers-online.com\/de\/wp-json\/wp\/v2\/product_tag?post=5308"}],"curies":[{"name":"wp","href":"https:\/\/api.w.org\/{rel}","templated":true}]}}