{"id":5305,"date":"2024-10-08T14:24:04","date_gmt":"2024-10-08T12:24:04","guid":{"rendered":"https:\/\/tenerife-flowers-online.com\/producto\/zweigstelle-2\/"},"modified":"2025-02-05T16:07:06","modified_gmt":"2025-02-05T15:07:06","slug":"zweigstelle-2","status":"publish","type":"product","link":"https:\/\/tenerife-flowers-online.com\/de\/producto\/zweigstelle-2\/","title":{"rendered":"Blumenstrau\u00df mit Lilien &#038; Nelken"},"content":{"rendered":"<div class=\"flex-shrink-0 flex flex-col relative items-end\">\n<div>\n<div class=\"pt-0\">\n<div class=\"gizmo-bot-avatar flex h-8 w-8 items-center justify-center overflow-hidden rounded-full\">\n<div class=\"relative p-1 rounded-sm flex items-center justify-center bg-token-main-surface-primary text-token-text-primary h-8 w-8\">Die silbernen Zierbl\u00e4tter spielen wieder die Rolle eines gl\u00e4nzenden Ornaments, das der Komposition einen Hauch von Glanz verleiht. Die Blumen sind in ein halbtransparentes rotes Papier eingewickelt, das die intensive F\u00e4rbung der roten Blumen wunderbar zur Geltung bringt. Der Strau\u00df wird mit einem zarten wei\u00dfen Band gebunden, was ihm ein elegantes Finish verleiht. Dieser Strau\u00df ist ein echter Blickfang und perfekt f\u00fcr Anl\u00e4sse, die einen starken emotionalen Ausdruck erfordern, wie z.B. Jubil\u00e4en, Valentinstag oder besondere Ereignisse. Ein zus\u00e4tzlicher Wert ist die Glasvase, in der der Strau\u00df aufbewahrt wird und die eine atemberaubende Pr\u00e4sentation erm\u00f6glicht.<\/div>\n<\/div>\n<\/div>\n<\/div>\n<\/div>\n","protected":false},"excerpt":{"rendered":"<p>Dieser Strau\u00df hat einen ausdrucksstarken und eleganten Charakter, dank der Kombination von kontrastierenden Farben und zarten Blumen. Wei\u00dfe Lilien, die Reinheit und Unschuld symbolisieren, und rote Nelken, die Liebe und Leidenschaft symbolisieren, \u00fcberwiegen. Der Strau\u00df enth\u00e4lt auch einen Hauch von violett-rosa Blumen, die der Komposition Zartheit verleihen.<\/p>\n","protected":false},"featured_media":5506,"template":"","meta":{"_acf_changed":false},"product_cat":[84,74,88,73],"product_tag":[],"class_list":{"0":"post-5305","1":"product","2":"type-product","3":"status-publish","4":"has-post-thumbnail","6":"product_cat-besondere-feierlichkeiten","7":"product_cat-geburtstag","8":"product_cat-jahrestag","9":"product_cat-straeusse","11":"first","12":"instock","13":"shipping-taxable","14":"purchasable","15":"product-type-variable"},"acf":[],"_links":{"self":[{"href":"https:\/\/tenerife-flowers-online.com\/de\/wp-json\/wp\/v2\/product\/5305"}],"collection":[{"href":"https:\/\/tenerife-flowers-online.com\/de\/wp-json\/wp\/v2\/product"}],"about":[{"href":"https:\/\/tenerife-flowers-online.com\/de\/wp-json\/wp\/v2\/types\/product"}],"wp:featuredmedia":[{"embeddable":true,"href":"https:\/\/tenerife-flowers-online.com\/de\/wp-json\/wp\/v2\/media\/5506"}],"wp:attachment":[{"href":"https:\/\/tenerife-flowers-online.com\/de\/wp-json\/wp\/v2\/media?parent=5305"}],"wp:term":[{"taxonomy":"product_cat","embeddable":true,"href":"https:\/\/tenerife-flowers-online.com\/de\/wp-json\/wp\/v2\/product_cat?post=5305"},{"taxonomy":"product_tag","embeddable":true,"href":"https:\/\/tenerife-flowers-online.com\/de\/wp-json\/wp\/v2\/product_tag?post=5305"}],"curies":[{"name":"wp","href":"https:\/\/api.w.org\/{rel}","templated":true}]}}