{"id":5290,"date":"2024-10-08T14:27:21","date_gmt":"2024-10-08T12:27:21","guid":{"rendered":"https:\/\/tenerife-flowers-online.com\/producto\/zweigstelle-3\/"},"modified":"2026-02-13T15:07:52","modified_gmt":"2026-02-13T14:07:52","slug":"zweigstelle-3","status":"publish","type":"product","link":"https:\/\/tenerife-flowers-online.com\/de\/producto\/zweigstelle-3\/","title":{"rendered":"Blumenstrau\u00df mit rosa Rosen, Lilien, Nelken &#038; Chrysanthemen"},"content":{"rendered":"<p>In der Mitte des Strau\u00dfes sehen Sie silberne Zierbl\u00e4tter, die f\u00fcr zus\u00e4tzlichen Glanz sorgen, sowie kleine dekorative Details wie winzige wei\u00dfe Perlen zwischen den Blumen. Der Strau\u00df ist in halbtransparentes rosafarbenes Papier eingewickelt, das ebenfalls mit holografischem Glitter versehen ist und ihm einen modernen und einzigartigen Look verleiht. Dazu kommt eine zarte Schleife aus rosa Band, die den romantischen Charakter des Ganzen unterstreicht. Das Gr\u00fcn der Farnbl\u00e4tter vervollst\u00e4ndigt die Komposition und verleiht ihr einen nat\u00fcrlichen Touch, der im Kontrast zu den intensiven Farben der Blumen steht. Ein idealer Vorschlag f\u00fcr einen besonderen Anlass, voller Eleganz und Glanz!<\/p>\n","protected":false},"excerpt":{"rendered":"<p>Dieser Strau\u00df ist sehr elegant und spektakul\u00e4r! Er besteht aus tiefrosa Rosen, die das Hauptelement der Komposition sind, umgeben von Chrysanthemen in hellrosa Pastellt\u00f6nen.<\/p>\n","protected":false},"featured_media":5510,"template":"","meta":{"_acf_changed":false},"product_cat":[84,74,73],"product_tag":[],"class_list":{"0":"post-5290","1":"product","2":"type-product","3":"status-publish","4":"has-post-thumbnail","6":"product_cat-besondere-feierlichkeiten","7":"product_cat-geburtstag","8":"product_cat-straeusse","10":"first","11":"outofstock","12":"shipping-taxable","13":"purchasable","14":"product-type-variable"},"acf":[],"_links":{"self":[{"href":"https:\/\/tenerife-flowers-online.com\/de\/wp-json\/wp\/v2\/product\/5290"}],"collection":[{"href":"https:\/\/tenerife-flowers-online.com\/de\/wp-json\/wp\/v2\/product"}],"about":[{"href":"https:\/\/tenerife-flowers-online.com\/de\/wp-json\/wp\/v2\/types\/product"}],"wp:featuredmedia":[{"embeddable":true,"href":"https:\/\/tenerife-flowers-online.com\/de\/wp-json\/wp\/v2\/media\/5510"}],"wp:attachment":[{"href":"https:\/\/tenerife-flowers-online.com\/de\/wp-json\/wp\/v2\/media?parent=5290"}],"wp:term":[{"taxonomy":"product_cat","embeddable":true,"href":"https:\/\/tenerife-flowers-online.com\/de\/wp-json\/wp\/v2\/product_cat?post=5290"},{"taxonomy":"product_tag","embeddable":true,"href":"https:\/\/tenerife-flowers-online.com\/de\/wp-json\/wp\/v2\/product_tag?post=5290"}],"curies":[{"name":"wp","href":"https:\/\/api.w.org\/{rel}","templated":true}]}}