{"id":5272,"date":"2024-10-08T18:07:22","date_gmt":"2024-10-08T16:07:22","guid":{"rendered":"https:\/\/tenerife-flowers-online.com\/producto\/zweigstelle-10\/"},"modified":"2025-02-05T16:42:04","modified_gmt":"2025-02-05T15:42:04","slug":"zweigstelle-10","status":"publish","type":"product","link":"https:\/\/tenerife-flowers-online.com\/de\/producto\/zweigstelle-10\/","title":{"rendered":"Blumenstrau\u00df in warmen Gelbt\u00f6nen mit Rosen, Sonnenblumen &#038; Lilien"},"content":{"rendered":"<p>Die zarten Schleierkrautbl\u00fcten sorgen f\u00fcr Leichtigkeit, w\u00e4hrend das gr\u00fcne Laub die intensiven Farben der Blumen hervorhebt. Eingewickelt in elegantes Papier mit einer dezenten Schleife ist dieser Strau\u00df perfekt f\u00fcr jede Gelegenheit, bei der Sie jemandem ein wenig Sonnenschein und ein L\u00e4cheln ins Leben zaubern m\u00f6chten.<\/p>\n","protected":false},"excerpt":{"rendered":"<p>Erhellen Sie den Tag eines geliebten Menschen mit diesem strahlenden Strau\u00df in warmen Gelbt\u00f6nen. Die Komposition besteht aus gelben Rosen, Sonnenblumen und Lilien, die Freude, Freundschaft und positive Energie symbolisieren.<\/p>\n","protected":false},"featured_media":5550,"template":"","meta":{"_acf_changed":false},"product_cat":[74,73],"product_tag":[],"class_list":{"0":"post-5272","1":"product","2":"type-product","3":"status-publish","4":"has-post-thumbnail","6":"product_cat-geburtstag","7":"product_cat-straeusse","9":"first","10":"instock","11":"shipping-taxable","12":"purchasable","13":"product-type-variable"},"acf":[],"_links":{"self":[{"href":"https:\/\/tenerife-flowers-online.com\/de\/wp-json\/wp\/v2\/product\/5272"}],"collection":[{"href":"https:\/\/tenerife-flowers-online.com\/de\/wp-json\/wp\/v2\/product"}],"about":[{"href":"https:\/\/tenerife-flowers-online.com\/de\/wp-json\/wp\/v2\/types\/product"}],"wp:featuredmedia":[{"embeddable":true,"href":"https:\/\/tenerife-flowers-online.com\/de\/wp-json\/wp\/v2\/media\/5550"}],"wp:attachment":[{"href":"https:\/\/tenerife-flowers-online.com\/de\/wp-json\/wp\/v2\/media?parent=5272"}],"wp:term":[{"taxonomy":"product_cat","embeddable":true,"href":"https:\/\/tenerife-flowers-online.com\/de\/wp-json\/wp\/v2\/product_cat?post=5272"},{"taxonomy":"product_tag","embeddable":true,"href":"https:\/\/tenerife-flowers-online.com\/de\/wp-json\/wp\/v2\/product_tag?post=5272"}],"curies":[{"name":"wp","href":"https:\/\/api.w.org\/{rel}","templated":true}]}}