{"id":5402,"date":"2021-08-02T11:37:55","date_gmt":"2021-08-02T09:37:55","guid":{"rendered":"https:\/\/tenerife-flowers-online.com\/polityka-prywatnosci\/"},"modified":"2024-10-25T14:20:50","modified_gmt":"2024-10-25T12:20:50","slug":"datenschutzbestimmungen","status":"publish","type":"page","link":"https:\/\/tenerife-flowers-online.com\/de\/datenschutzbestimmungen\/","title":{"rendered":"Datenschutzbestimmungen"},"content":{"rendered":"<div class=\"wp-block-group privacy-page\"><div class=\"wp-block-group__inner-container is-layout-constrained wp-block-group-is-layout-constrained\"><div class=\"entry-content\">\n<h1>Datenschutzbestimmungen<\/h1>\n<ol>\n<li>Die Website sammelt keine Informationen automatisch, mit Ausnahme der in Cookies enthaltenen Informationen.<\/li>\n<li>Cookies (sog. &#8222;Cookies&#8220;) sind Computerdaten, insbesondere Textdateien, die auf dem Endger\u00e4t des Servicenutzers gespeichert werden und f\u00fcr die Nutzung der Website bestimmt sind. Cookies enthalten in der Regel den Namen der Website, von der sie stammen, den Zeitpunkt, zu dem sie auf dem Endger\u00e4t gespeichert werden, und eine eindeutige Nummer. <\/li>\n<li>Der Betreiber des Dienstes &#8230; [nombre de la entidad] mit Sitz auf &#8230;.., platziert Cookies auf dem Endger\u00e4t eines Nutzers des Dienstes und greift auf diese zu.<\/li>\n<li>Cookies werden verwendet, um<br>&#8211; den Inhalt der Seiten der Website an die Pr\u00e4ferenzen des Nutzers anzupassen und die Nutzung der Websites zu optimieren; insbesondere erm\u00f6glichen diese Dateien die Erkennung des Ger\u00e4ts des Website-Nutzers und die entsprechende Anzeige der Website, die auf seine individuellen Bed\u00fcrfnisse zugeschnitten ist;<br>&#8211; die Erstellung von Statistiken, die Aufschluss dar\u00fcber geben, wie Service-Nutzer die Websites nutzen, was die Verbesserung ihrer Struktur und ihres Inhalts erm\u00f6glicht;<br>&#8211; die Aufrechterhaltung der Sitzung eines Nutzers auf der Website (nach dem Einloggen), wodurch ein Nutzer seinen Benutzernamen und sein Passwort nicht auf jeder Unterseite der Website erneut eingeben muss;<\/li>\n<li>Der Dienst verwendet zwei Haupttypen von Cookies: &#8222;Session&#8220; (Sitzungscookies) und &#8222;Persistent&#8220; (dauerhafte Cookies). Session&#8220;-Cookies sind tempor\u00e4re Dateien, die auf dem Endger\u00e4t des Nutzers gespeichert werden, bis sich der Nutzer abmeldet, die Website verl\u00e4sst oder die Software (Webbrowser) ausschaltet. Dauerhafte&#8220; Cookies werden auf dem Endger\u00e4t des Nutzers f\u00fcr die in den Cookie-Einstellungen angegebene Zeit oder bis zum L\u00f6schen durch den Nutzer gespeichert.  <\/li>\n<li>Die folgenden Arten von Cookies werden im Rahmen des Dienstes verwendet:<br>\n<p>&#8211; Cookies, die &#8222;notwendig&#8220; sind, um die Nutzung der innerhalb des Dienstes verf\u00fcgbaren Dienste zu erm\u00f6glichen, z. B. Authentifizierungs-Cookies, die f\u00fcr Dienste verwendet werden, die eine Authentifizierung innerhalb des Dienstes erfordern;<\/p>\n<p>&#8211; Cookies, die zur Gew\u00e4hrleistung der Sicherheit verwendet werden, z. B. zur Erkennung von Authentifizierungsmissbrauch auf der Website<\/p>\n<p>&#8211; Performance&#8220;-Cookies, die es erm\u00f6glichen, Informationen dar\u00fcber zu sammeln, wie die Seiten der Website genutzt werden;<\/p>\n<p>&#8211; funktionale&#8220; Cookies, die es erm\u00f6glichen, sich an die vom Benutzer gew\u00e4hlten Einstellungen zu &#8222;erinnern&#8220; und die Benutzeroberfl\u00e4che anzupassen, z.B. in Bezug auf die vom Benutzer gew\u00e4hlte Sprache oder Herkunftsregion, die Schriftgr\u00f6\u00dfe, das Design der Website, usw;<\/p>\n<p>&#8211; Werbe-Cookies&#8220;, die es erm\u00f6glichen, dass dem Nutzer Werbeinhalte angeboten werden, die besser auf seine Interessen abgestimmt sind.<\/p>\n<\/li>\n<li>In vielen F\u00e4llen erlaubt die Web-Browsing-Software (Webbrowser) standardm\u00e4\u00dfig die Speicherung von Cookies auf dem Endger\u00e4t des Nutzers. Die Nutzer der Website k\u00f6nnen ihre Cookie-Einstellungen jederzeit \u00e4ndern. Diese Einstellungen k\u00f6nnen insbesondere ge\u00e4ndert werden, um die automatische Verarbeitung von Cookies in der Konfiguration eines Webbrowsers zu blockieren oder um jedes Mal \u00fcber ihre Platzierung auf dem Ger\u00e4t eines Nutzers des Dienstes zu informieren. Detaillierte Informationen \u00fcber die M\u00f6glichkeit und die Methoden zur Verwaltung von Cookies finden Sie in den Einstellungen Ihrer Software (Webbrowser).   <\/li>\n<li>Der Betreiber der Website weist darauf hin, dass Einschr\u00e4nkungen bei der Verwendung von Cookies einige der auf der Website verf\u00fcgbaren Funktionalit\u00e4ten beeintr\u00e4chtigen k\u00f6nnen.<\/li>\n<li>Cookies, die auf dem Endger\u00e4t des Service-Nutzers platziert und verwendet werden, k\u00f6nnen auch von Werbetreibenden und Partnern, die mit dem Service-Betreiber zusammenarbeiten, verwendet werden.<\/li>\n<li>Weitere Informationen \u00fcber Cookies finden Sie unter &#8230;&#8230;&#8230;&#8230;&#8230;&#8230;&#8230;&#8230;&#8230;. oder in der Rubrik &#8222;Hilfe&#8220; im Men\u00fc Ihres Webbrowsers. <\/li>\n<\/ol>\n<p><strong>Die Quelle der Datenschutzerkl\u00e4rung stammt von der <a href=\"http:\/\/wszystkoociasteczkach.pl\/\" target=\"_blank\" rel=\"noopener\">everythingcookies<\/a> Website.<\/strong><\/p>\n<\/div><\/div><\/div>","protected":false},"excerpt":{"rendered":"<p>Datenschutzbestimmungen Die Website sammelt keine Informationen automatisch, mit Ausnahme der in Cookies enthaltenen Informationen. Cookies (sog. &#8222;Cookies&#8220;) sind Computerdaten, insbesondere Textdateien, die auf dem Endger\u00e4t des Servicenutzers gespeichert werden und f\u00fcr die Nutzung der Website bestimmt sind. Cookies enthalten in der Regel den Namen der Website, von der sie stammen, den Zeitpunkt, zu dem sie [&hellip;]<\/p>\n","protected":false},"author":1,"featured_media":0,"parent":0,"menu_order":0,"comment_status":"closed","ping_status":"closed","template":"","meta":{"_acf_changed":false,"footnotes":""},"class_list":["post-5402","page","type-page","status-publish","hentry"],"acf":[],"_links":{"self":[{"href":"https:\/\/tenerife-flowers-online.com\/de\/wp-json\/wp\/v2\/pages\/5402"}],"collection":[{"href":"https:\/\/tenerife-flowers-online.com\/de\/wp-json\/wp\/v2\/pages"}],"about":[{"href":"https:\/\/tenerife-flowers-online.com\/de\/wp-json\/wp\/v2\/types\/page"}],"author":[{"embeddable":true,"href":"https:\/\/tenerife-flowers-online.com\/de\/wp-json\/wp\/v2\/users\/1"}],"replies":[{"embeddable":true,"href":"https:\/\/tenerife-flowers-online.com\/de\/wp-json\/wp\/v2\/comments?post=5402"}],"version-history":[{"count":2,"href":"https:\/\/tenerife-flowers-online.com\/de\/wp-json\/wp\/v2\/pages\/5402\/revisions"}],"predecessor-version":[{"id":5407,"href":"https:\/\/tenerife-flowers-online.com\/de\/wp-json\/wp\/v2\/pages\/5402\/revisions\/5407"}],"wp:attachment":[{"href":"https:\/\/tenerife-flowers-online.com\/de\/wp-json\/wp\/v2\/media?parent=5402"}],"curies":[{"name":"wp","href":"https:\/\/api.w.org\/{rel}","templated":true}]}}