{"id":5338,"date":"2021-08-02T11:37:55","date_gmt":"2021-08-02T10:37:55","guid":{"rendered":"https:\/\/tenerife-flowers-online.com\/datenschutzerklaerung\/"},"modified":"2026-04-16T15:14:25","modified_gmt":"2026-04-16T14:14:25","slug":"datenschutzerklaerung","status":"publish","type":"page","link":"https:\/\/tenerife-flowers-online.com\/de\/datenschutzerklaerung\/","title":{"rendered":"Datenschutzerkl\u00e4rung"},"content":{"rendered":"\n<div class=\"wp-block-group\"><div class=\"wp-block-group__inner-container is-layout-constrained wp-block-group-is-layout-constrained\">\n<h2>Datenschutzerkl\u00e4rung<\/h2>\n<ol start=\"1\">\n<li>Die Website erfasst automatisch keine Informationen, mit Ausnahme der in Cookies enthaltenen Informationen.<\/li>\n<li>Cookies (sogenannte \u201eKekse\u201c) sind IT-Daten, insbesondere Textdateien, die auf dem Endger\u00e4t des Service-Nutzers gespeichert werden und f\u00fcr die Nutzung der Service-Websites bestimmt sind. Cookies enthalten in der Regel den Namen der Internetseite, von der sie stammen, die Dauer ihrer Speicherung auf dem Endger\u00e4t sowie eine eindeutige Nummer.<\/li>\n<li>Die Stelle, die Cookies auf dem Endger\u00e4t des Nutzers der Website platziert und auf diese zugreift, ist der Betreiber der Website \u2026 [Name der Stelle] mit Sitz unter der Adresse \u2026.<\/li>\n<li>Cookies werden verwendet, um:<\/li>\n<\/ol>\n<ul>\n<li>den Inhalt der Webseiten der Website an die Pr\u00e4ferenzen des Nutzers anzupassen und die Nutzung der Webseiten zu optimieren; insbesondere erm\u00f6glichen diese Dateien die Erkennung des Ger\u00e4ts des Nutzers der Website und die entsprechende Anzeige der Webseite, angepasst an seine individuellen Bed\u00fcrfnisse;<\/li>\n<li>Statistiken zu erstellen, die helfen zu verstehen, wie Nutzer der Website die Webseiten nutzen, was die Verbesserung ihrer Struktur und ihres Inhalts erm\u00f6glicht;<\/li>\n<li>die Sitzung des Nutzers der Website aufrechtzuerhalten (nach der Anmeldung), wodurch der Nutzer nicht auf jeder Unterseite der Website erneut Benutzernamen und Passwort eingeben muss;<\/li>\n<\/ul>\n<ol start=\"5\">\n<li>Im Rahmen des Dienstes werden zwei Haupttypen von Cookies verwendet: \u201eSitzungs-Cookies\u201c (<i>session cookies<\/i>) und \u201epermanente Cookies\u201c (<i>persistent cookies<\/i>). \u201eSitzungs-Cookies\u201c sind tempor\u00e4re Dateien, die auf dem Endger\u00e4t des Nutzers gespeichert werden, bis er sich abmeldet, die Website verl\u00e4sst oder die Software (Webbrowser) ausschaltet. \u201ePermanente\u201c Cookies werden auf dem Endger\u00e4t des Nutzers f\u00fcr einen in den Cookie-Parametern festgelegten Zeitraum oder bis zu ihrer L\u00f6schung durch den Nutzer gespeichert.<\/li>\n<li>Im Rahmen der Website werden folgende Arten von Cookies verwendet:<\/li>\n<\/ol>\n<ul>\n<li>\u201enotwendige\u201c Cookies, die die Nutzung der im Rahmen des Dienstes verf\u00fcgbaren Dienste erm\u00f6glichen, z. B. Authentifizierungs-Cookies, die f\u00fcr Dienste verwendet werden, die eine Authentifizierung im Rahmen der Website erfordern;<\/li>\n<li>Cookies, die der Gew\u00e4hrleistung der Sicherheit dienen, z. B. zur Erkennung von Missbrauch im Bereich der Authentifizierung im Rahmen der Website;<\/li>\n<li>\u201eLeistungs\u201c-Cookies, die das Sammeln von Informationen dar\u00fcber erm\u00f6glichen, wie die Webseiten des Dienstes genutzt werden;<\/li>\n<li>\u201efunktionale\u201c Cookies, die das \u201eSpeichern\u201c der vom Nutzer gew\u00e4hlten Einstellungen und die Personalisierung der Benutzeroberfl\u00e4che erm\u00f6glichen, z. B. hinsichtlich der gew\u00e4hlten Sprache oder Region, aus der der Nutzer stammt, der Schriftgr\u00f6\u00dfe, des Aussehens der Internetseite usw.;<\/li>\n<li>\u201eWerbe\u201c-Cookies, die es erm\u00f6glichen, den Nutzern Werbeinhalte bereitzustellen, die besser an ihre Interessen angepasst sind.<\/li>\n<\/ul>\n<ol start=\"7\">\n<li>In vielen F\u00e4llen l\u00e4sst die Software zum Durchsuchen von Internetseiten (Webbrowser) standardm\u00e4\u00dfig die Speicherung von Cookies im Endger\u00e4t des Nutzers zu. Nutzer der Website k\u00f6nnen jederzeit \u00c4nderungen an den Cookie-Einstellungen vornehmen. Diese Einstellungen k\u00f6nnen insbesondere so ge\u00e4ndert werden, dass die automatische Verarbeitung von Cookies in den Einstellungen des Webbrowsers blockiert wird oder \u00fcber jede einzelne Platzierung im Ger\u00e4t des Nutzers der Website informiert wird. Detaillierte Informationen \u00fcber die M\u00f6glichkeiten und Methoden der Verwaltung von Cookies sind in den Einstellungen der Software (Webbrowser) verf\u00fcgbar.<\/li>\n<li>Der Betreiber der Website weist darauf hin, dass Einschr\u00e4nkungen bei der Verwendung von Cookies einige Funktionen beeintr\u00e4chtigen k\u00f6nnen, die auf den Webseiten der Website verf\u00fcgbar sind.<\/li>\n<li>Cookies, die auf dem Endger\u00e4t des Nutzers der Website platziert werden, k\u00f6nnen auch von Werbetreibenden und Partnern verwendet werden, die mit dem Betreiber der Website zusammenarbeiten.<\/li>\n<li>Weitere Informationen zu Cookies finden Sie unter der Adresse \u2026\u2026\u2026\u2026\u2026\u2026\u2026\u2026.\u2026 oder im Abschnitt \u201eHilfe\u201c im Men\u00fc Ihres Webbrowsers.<\/li>\n<\/ol>\n<p><strong style=\"font-size: revert; color: initial;\">Die Quelle der Datenschutzerkl\u00e4rung stammt von der Website <a class=\"link\" href=\"http:\/\/wszystkoociasteczkach.pl\/\" target=\"_blank\" rel=\"nofollow noopener\">wszystkoociasteczkach.pl<\/a><\/strong><\/p>\n<\/div><\/div>\n","protected":false},"excerpt":{"rendered":"<p>Datenschutzerkl\u00e4rung Die Website erfasst automatisch keine Informationen, mit Ausnahme der in Cookies enthaltenen Informationen. Cookies (sogenannte \u201eKekse\u201c) sind IT-Daten, insbesondere Textdateien, die auf dem Endger\u00e4t des Service-Nutzers gespeichert werden und f\u00fcr die Nutzung der Service-Websites bestimmt sind. Cookies enthalten in der Regel den Namen der Internetseite, von der sie stammen, die Dauer ihrer Speicherung auf [&hellip;]<\/p>\n","protected":false},"author":1,"featured_media":0,"parent":0,"menu_order":0,"comment_status":"closed","ping_status":"closed","template":"template-parts\/policy-privacy-page.php","meta":{"_acf_changed":false,"footnotes":""},"class_list":["post-5338","page","type-page","status-publish","hentry"],"acf":[],"_links":{"self":[{"href":"https:\/\/tenerife-flowers-online.com\/de\/wp-json\/wp\/v2\/pages\/5338","targetHints":{"allow":["GET"]}}],"collection":[{"href":"https:\/\/tenerife-flowers-online.com\/de\/wp-json\/wp\/v2\/pages"}],"about":[{"href":"https:\/\/tenerife-flowers-online.com\/de\/wp-json\/wp\/v2\/types\/page"}],"author":[{"embeddable":true,"href":"https:\/\/tenerife-flowers-online.com\/de\/wp-json\/wp\/v2\/users\/1"}],"replies":[{"embeddable":true,"href":"https:\/\/tenerife-flowers-online.com\/de\/wp-json\/wp\/v2\/comments?post=5338"}],"version-history":[{"count":2,"href":"https:\/\/tenerife-flowers-online.com\/de\/wp-json\/wp\/v2\/pages\/5338\/revisions"}],"predecessor-version":[{"id":5706,"href":"https:\/\/tenerife-flowers-online.com\/de\/wp-json\/wp\/v2\/pages\/5338\/revisions\/5706"}],"wp:attachment":[{"href":"https:\/\/tenerife-flowers-online.com\/de\/wp-json\/wp\/v2\/media?parent=5338"}],"curies":[{"name":"wp","href":"https:\/\/api.w.org\/{rel}","templated":true}]}}